{"id":89,"date":"2018-09-12T14:51:42","date_gmt":"2018-09-12T12:51:42","guid":{"rendered":"http:\/\/togoverein-jockgrim.de\/wordpress\/?page_id=89"},"modified":"2018-09-13T09:00:50","modified_gmt":"2018-09-13T07:00:50","slug":"schulen","status":"publish","type":"page","link":"https:\/\/togoverein-jockgrim.de\/fr\/projekte\/schulen\/","title":{"rendered":"Ecoles"},"content":{"rendered":"<p><\/p>\n<h1>Le CEG de Gbalave<\/h1>\n<p>Un nouveau b\u00e2timent pour abriter le CEG de Gbalave fut inaugur\u00e9 en Octobre 2016. Apres un temps record de construction de 6 mois le b\u00e2timent fut inaugur\u00e9 en persane du Ministre de la formation primaire, secondaire et professionnelle et de l&rsquo;Ambassadeur de la R\u00e9publique F\u00e9d\u00e9rale d&rsquo;Allemagne M. Christoph Sander. L&rsquo;ensemble consiste en 1 b\u00e2timent avec 4 salles de classe, un bureau pour le directeur ainsi qu&rsquo;en un b\u00e2timent annexe qui abrite la salle des professeurs et une salle informatique. Celle-ci est \u00e9quip\u00e9e de 10 microordinateurs octroy\u00e9s par l&rsquo;Association des Amis du Togo.<\/p>\n<p>Le CEG est une des quelques rares \u00e9coles de la r\u00e9gion o\u00f9 les \u00e9l\u00e8ves peuvent \u00eatre initi\u00e9s \u00e0 l&rsquo;informatique.<\/p>\n<div id='gallery-2' class='gallery galleryid-89 gallery-columns-3 gallery-size-thumbnail'><figure class='gallery-item'>\n\t\t\t<div class='gallery-icon landscape'>\n\t\t\t\t<a href='https:\/\/togoverein-jockgrim.de\/fr\/pro_schulen_0001\/'><img loading=\"lazy\" decoding=\"async\" width=\"150\" height=\"150\" src=\"https:\/\/togoverein-jockgrim.de\/wp-content\/uploads\/2018\/09\/Pro_Schulen_0001-150x150.jpg\" class=\"attachment-thumbnail size-thumbnail\" alt=\"\" \/><\/a>\n\t\t\t<\/div><\/figure><figure class='gallery-item'>\n\t\t\t<div class='gallery-icon landscape'>\n\t\t\t\t<a href='https:\/\/togoverein-jockgrim.de\/fr\/pro_schulen_0002\/'><img loading=\"lazy\" decoding=\"async\" width=\"150\" height=\"150\" src=\"https:\/\/togoverein-jockgrim.de\/wp-content\/uploads\/2018\/09\/Pro_Schulen_0002-150x150.jpg\" class=\"attachment-thumbnail size-thumbnail\" alt=\"\" \/><\/a>\n\t\t\t<\/div><\/figure><figure class='gallery-item'>\n\t\t\t<div class='gallery-icon landscape'>\n\t\t\t\t<a href='https:\/\/togoverein-jockgrim.de\/fr\/pro_schulen_0003\/'><img loading=\"lazy\" decoding=\"async\" width=\"150\" height=\"150\" src=\"https:\/\/togoverein-jockgrim.de\/wp-content\/uploads\/2018\/09\/Pro_Schulen_0003-150x150.jpg\" class=\"attachment-thumbnail size-thumbnail\" alt=\"\" \/><\/a>\n\t\t\t<\/div><\/figure><figure class='gallery-item'>\n\t\t\t<div class='gallery-icon landscape'>\n\t\t\t\t<a href='https:\/\/togoverein-jockgrim.de\/fr\/pro_schulen_0004\/'><img loading=\"lazy\" decoding=\"async\" width=\"150\" height=\"150\" src=\"https:\/\/togoverein-jockgrim.de\/wp-content\/uploads\/2018\/09\/Pro_Schulen_0004-150x150.jpg\" class=\"attachment-thumbnail size-thumbnail\" alt=\"\" \/><\/a>\n\t\t\t<\/div><\/figure><figure class='gallery-item'>\n\t\t\t<div class='gallery-icon landscape'>\n\t\t\t\t<a href='https:\/\/togoverein-jockgrim.de\/fr\/projekte\/pro_schulen_0005\/'><img loading=\"lazy\" decoding=\"async\" width=\"150\" height=\"150\" src=\"https:\/\/togoverein-jockgrim.de\/wp-content\/uploads\/2018\/09\/Pro_Schulen_0005-150x150.jpg\" class=\"attachment-thumbnail size-thumbnail\" alt=\"\" \/><\/a>\n\t\t\t<\/div><\/figure><figure class='gallery-item'>\n\t\t\t<div class='gallery-icon landscape'>\n\t\t\t\t<a href='https:\/\/togoverein-jockgrim.de\/fr\/pro_schulen_0006\/'><img loading=\"lazy\" decoding=\"async\" width=\"150\" height=\"150\" src=\"https:\/\/togoverein-jockgrim.de\/wp-content\/uploads\/2018\/09\/Pro_Schulen_0006-150x150.jpg\" class=\"attachment-thumbnail size-thumbnail\" alt=\"\" \/><\/a>\n\t\t\t<\/div><\/figure>\n\t\t<\/div>\n\n<h1>Ecoles &#8211; Gbalav\u00e9<\/h1>\n<p>La construction du b\u00e2timent de l&rsquo;\u00e9cole primaire a \u00e9t\u00e9 d\u00e9j\u00e0 commenc\u00e9e avant la cr\u00e9ation de notre association. L&rsquo;\u00e9cole \u00e9tait jumel\u00e9e \u00e0 la R\u00f6merbadschule \u00e0 Rheinzabern. C&rsquo;est apr\u00e8s la cr\u00e9ation de l&rsquo;Association qu&rsquo;elle a \u00e9t\u00e9 achev\u00e9e et inaugur\u00e9e en Aout 1997.<\/p>\n<p>Entre-temps le jumelage est assur\u00e9 par l&rsquo;\u00e9cole primaire de Jockgrim Lina Sommer qui envoie presque chaque ann\u00e9e des cadeaux aux \u00e9l\u00e8ves de Gbalave<\/p>","protected":false},"excerpt":{"rendered":"<p>Le CEG de Gbalave Un nouveau b\u00e2timent pour abriter le CEG de Gbalave fut inaugur\u00e9 en Octobre 2016. Apres un temps record de construction de 6 mois le b\u00e2timent fut inaugur\u00e9 en persane du Ministre de la formation primaire, secondaire et professionnelle et de l&rsquo;Ambassadeur de la R\u00e9publique F\u00e9d\u00e9rale d&rsquo;Allemagne M. Christoph Sander. L&rsquo;ensemble consiste &hellip; <a href=\"https:\/\/togoverein-jockgrim.de\/fr\/projekte\/schulen\/\" class=\"more-link\">Continuer la lecture de <span class=\"screen-reader-text\">Ecoles<\/span><\/a><\/p>\n","protected":false},"author":1,"featured_media":0,"parent":76,"menu_order":0,"comment_status":"closed","ping_status":"closed","template":"","meta":{"footnotes":""},"class_list":["post-89","page","type-page","status-publish","hentry"],"_links":{"self":[{"href":"https:\/\/togoverein-jockgrim.de\/fr\/wp-json\/wp\/v2\/pages\/89","targetHints":{"allow":["GET"]}}],"collection":[{"href":"https:\/\/togoverein-jockgrim.de\/fr\/wp-json\/wp\/v2\/pages"}],"about":[{"href":"https:\/\/togoverein-jockgrim.de\/fr\/wp-json\/wp\/v2\/types\/page"}],"author":[{"embeddable":true,"href":"https:\/\/togoverein-jockgrim.de\/fr\/wp-json\/wp\/v2\/users\/1"}],"replies":[{"embeddable":true,"href":"https:\/\/togoverein-jockgrim.de\/fr\/wp-json\/wp\/v2\/comments?post=89"}],"version-history":[{"count":2,"href":"https:\/\/togoverein-jockgrim.de\/fr\/wp-json\/wp\/v2\/pages\/89\/revisions"}],"predecessor-version":[{"id":184,"href":"https:\/\/togoverein-jockgrim.de\/fr\/wp-json\/wp\/v2\/pages\/89\/revisions\/184"}],"up":[{"embeddable":true,"href":"https:\/\/togoverein-jockgrim.de\/fr\/wp-json\/wp\/v2\/pages\/76"}],"wp:attachment":[{"href":"https:\/\/togoverein-jockgrim.de\/fr\/wp-json\/wp\/v2\/media?parent=89"}],"curies":[{"name":"wp","href":"https:\/\/api.w.org\/{rel}","templated":true}]}}