{"id":757,"date":"2025-06-04T11:04:03","date_gmt":"2025-06-04T09:04:03","guid":{"rendered":"https:\/\/togoverein-jockgrim.de\/?page_id=757"},"modified":"2025-06-04T11:04:03","modified_gmt":"2025-06-04T09:04:03","slug":"hoergeraete-fuer-togo","status":"publish","type":"page","link":"https:\/\/togoverein-jockgrim.de\/fr\/aktuelles-2\/hoergeraete-fuer-togo\/","title":{"rendered":"Appareils auditifs pour le Togo"},"content":{"rendered":"<p><\/p>\n<p style=\"font-weight: 400;\">5 audioproth\u00e9sistes de la soci\u00e9t\u00e9 Iffland Stuttgart avec leur directeur sont venus pour une semaine Kpalim\u00e9. La soci\u00e9t\u00e9 Iffland soutient le projet du centre auditif qui a commenc\u00e9 en 2016 en collaboration avec l\u2019association des Amis du Togo. Pendant leur mission, ils ont trait\u00e9 plus de 70 patients qui venaient de villages \u00e9loign\u00e9s au Togo ou du pays voisin le B\u00e9nin.<\/p>\n<div id='gallery-2' class='gallery galleryid-757 gallery-columns-3 gallery-size-thumbnail'><figure class='gallery-item'>\n\t\t\t<div class='gallery-icon landscape'>\n\t\t\t\t<a href='https:\/\/togoverein-jockgrim.de\/fr\/iffland-2\/'><img loading=\"lazy\" decoding=\"async\" width=\"150\" height=\"150\" src=\"https:\/\/togoverein-jockgrim.de\/wp-content\/uploads\/2025\/06\/Iffland-2-150x150.jpg\" class=\"attachment-thumbnail size-thumbnail\" alt=\"\" \/><\/a>\n\t\t\t<\/div><\/figure>\n\t\t<\/div>\n\n<p><\/p>","protected":false},"excerpt":{"rendered":"<p>5 audioproth\u00e9sistes de la soci\u00e9t\u00e9 Iffland Stuttgart avec leur directeur sont venus pour une semaine Kpalim\u00e9. La soci\u00e9t\u00e9 Iffland soutient le projet du centre auditif qui a commenc\u00e9 en 2016 en collaboration avec l\u2019association des Amis du Togo. Pendant leur mission, ils ont trait\u00e9 plus de 70 patients qui venaient de villages \u00e9loign\u00e9s au Togo &hellip; <a href=\"https:\/\/togoverein-jockgrim.de\/fr\/aktuelles-2\/hoergeraete-fuer-togo\/\" class=\"more-link\">Continuer la lecture de <span class=\"screen-reader-text\">Appareils auditifs pour le Togo<\/span><\/a><\/p>\n","protected":false},"author":1,"featured_media":0,"parent":425,"menu_order":0,"comment_status":"closed","ping_status":"closed","template":"","meta":{"footnotes":""},"class_list":["post-757","page","type-page","status-publish","hentry"],"_links":{"self":[{"href":"https:\/\/togoverein-jockgrim.de\/fr\/wp-json\/wp\/v2\/pages\/757","targetHints":{"allow":["GET"]}}],"collection":[{"href":"https:\/\/togoverein-jockgrim.de\/fr\/wp-json\/wp\/v2\/pages"}],"about":[{"href":"https:\/\/togoverein-jockgrim.de\/fr\/wp-json\/wp\/v2\/types\/page"}],"author":[{"embeddable":true,"href":"https:\/\/togoverein-jockgrim.de\/fr\/wp-json\/wp\/v2\/users\/1"}],"replies":[{"embeddable":true,"href":"https:\/\/togoverein-jockgrim.de\/fr\/wp-json\/wp\/v2\/comments?post=757"}],"version-history":[{"count":3,"href":"https:\/\/togoverein-jockgrim.de\/fr\/wp-json\/wp\/v2\/pages\/757\/revisions"}],"predecessor-version":[{"id":760,"href":"https:\/\/togoverein-jockgrim.de\/fr\/wp-json\/wp\/v2\/pages\/757\/revisions\/760"}],"up":[{"embeddable":true,"href":"https:\/\/togoverein-jockgrim.de\/fr\/wp-json\/wp\/v2\/pages\/425"}],"wp:attachment":[{"href":"https:\/\/togoverein-jockgrim.de\/fr\/wp-json\/wp\/v2\/media?parent=757"}],"curies":[{"name":"wp","href":"https:\/\/api.w.org\/{rel}","templated":true}]}}