{"id":749,"date":"2025-06-04T10:57:50","date_gmt":"2025-06-04T08:57:50","guid":{"rendered":"https:\/\/togoverein-jockgrim.de\/?page_id=749"},"modified":"2025-06-04T10:58:16","modified_gmt":"2025-06-04T08:58:16","slug":"das-technische-gymnasium-in-gbalave","status":"publish","type":"page","link":"https:\/\/togoverein-jockgrim.de\/fr\/projekte\/das-technische-gymnasium-in-gbalave\/","title":{"rendered":"Le lyc\u00e9e technique de Gbalav\u00e9"},"content":{"rendered":"<p><\/p>\n<p style=\"font-weight: 400;\">L\u2019ancien centre de formation est devenu un lyc\u00e9e technique. La premi\u00e8re ann\u00e9e scolaire a commenc\u00e9 le 16 septembre 2024. Le nouveau directeur avec son \u00e9quipe a rendu visite \u00e0 tous les villages environnants pour pr\u00e9senter la nouvelle \u00e9cole. R\u00e9sultat : 252 \u00e9l\u00e8ves se sont d\u00e9j\u00e0 inscrits pour la rentr\u00e9e. Il n\u2019y a que trois lyc\u00e9es de ce genre dans tout le Togo et les mati\u00e8res qui y sont enseign\u00e9es sont tr\u00e8s importantes pour le pays. Pour la r\u00e9gion et le village c\u2019est \u00e9videmment une grande opportunit\u00e9. L\u2019association des Amis du Togo continuera d\u2019aider le lyc\u00e9e. Certaines discussions ont d\u00e9j\u00e0 eu lieu pour fixer comment se passera la collaboration \u00e0 l\u2019avenir. Le lyc\u00e9e a tout d\u2019abord besoin d\u2019outillages. L\u00e0 encore l\u2019association a besoin de dons. Dans un premier temps, l\u2019association a fait don de 20 bancs d\u2019\u00e9cole qui ont \u00e9t\u00e9 fabriqu\u00e9s sur place.<\/p>\n<div id='gallery-2' class='gallery galleryid-749 gallery-columns-3 gallery-size-thumbnail'><figure class='gallery-item'>\n\t\t\t<div class='gallery-icon landscape'>\n\t\t\t\t<a href='https:\/\/togoverein-jockgrim.de\/fr\/lycee-neues-geb\/'><img loading=\"lazy\" decoding=\"async\" width=\"150\" height=\"150\" src=\"https:\/\/togoverein-jockgrim.de\/wp-content\/uploads\/2025\/06\/Lycee-neues-Geb-150x150.jpg\" class=\"attachment-thumbnail size-thumbnail\" alt=\"\" \/><\/a>\n\t\t\t<\/div><\/figure><figure class='gallery-item'>\n\t\t\t<div class='gallery-icon landscape'>\n\t\t\t\t<a href='https:\/\/togoverein-jockgrim.de\/fr\/lycee-lernen\/'><img loading=\"lazy\" decoding=\"async\" width=\"150\" height=\"150\" src=\"https:\/\/togoverein-jockgrim.de\/wp-content\/uploads\/2025\/06\/Lycee-lernen-150x150.jpg\" class=\"attachment-thumbnail size-thumbnail\" alt=\"\" \/><\/a>\n\t\t\t<\/div><\/figure><figure class='gallery-item'>\n\t\t\t<div class='gallery-icon landscape'>\n\t\t\t\t<a href='https:\/\/togoverein-jockgrim.de\/fr\/lycee-lernen-3\/'><img loading=\"lazy\" decoding=\"async\" width=\"150\" height=\"150\" src=\"https:\/\/togoverein-jockgrim.de\/wp-content\/uploads\/2025\/06\/Lycee-lernen-3-150x150.jpg\" class=\"attachment-thumbnail size-thumbnail\" alt=\"\" \/><\/a>\n\t\t\t<\/div><\/figure><figure class='gallery-item'>\n\t\t\t<div class='gallery-icon portrait'>\n\t\t\t\t<a href='https:\/\/togoverein-jockgrim.de\/fr\/lycee-eingang\/'><img loading=\"lazy\" decoding=\"async\" width=\"150\" height=\"150\" src=\"https:\/\/togoverein-jockgrim.de\/wp-content\/uploads\/2025\/06\/Lycee-eingang-150x150.jpg\" class=\"attachment-thumbnail size-thumbnail\" alt=\"\" \/><\/a>\n\t\t\t<\/div><\/figure><figure class='gallery-item'>\n\t\t\t<div class='gallery-icon landscape'>\n\t\t\t\t<a href='https:\/\/togoverein-jockgrim.de\/fr\/lycee-lernen-2\/'><img loading=\"lazy\" decoding=\"async\" width=\"150\" height=\"150\" src=\"https:\/\/togoverein-jockgrim.de\/wp-content\/uploads\/2025\/06\/Lycee-lernen-2-150x150.jpg\" class=\"attachment-thumbnail size-thumbnail\" alt=\"\" \/><\/a>\n\t\t\t<\/div><\/figure><figure class='gallery-item'>\n\t\t\t<div class='gallery-icon portrait'>\n\t\t\t\t<a href='https:\/\/togoverein-jockgrim.de\/fr\/lycee-berufe\/'><img loading=\"lazy\" decoding=\"async\" width=\"150\" height=\"150\" src=\"https:\/\/togoverein-jockgrim.de\/wp-content\/uploads\/2025\/06\/Lycee-Berufe-150x150.jpg\" class=\"attachment-thumbnail size-thumbnail\" alt=\"\" \/><\/a>\n\t\t\t<\/div><\/figure><figure class='gallery-item'>\n\t\t\t<div class='gallery-icon landscape'>\n\t\t\t\t<a href='https:\/\/togoverein-jockgrim.de\/fr\/lycee-lernen-4\/'><img loading=\"lazy\" decoding=\"async\" width=\"150\" height=\"150\" src=\"https:\/\/togoverein-jockgrim.de\/wp-content\/uploads\/2025\/06\/Lycee-lernen-4-150x150.jpg\" class=\"attachment-thumbnail size-thumbnail\" alt=\"\" \/><\/a>\n\t\t\t<\/div><\/figure><figure class='gallery-item'>\n\t\t\t<div class='gallery-icon landscape'>\n\t\t\t\t<a href='https:\/\/togoverein-jockgrim.de\/fr\/baenke-fuer-lycee\/'><img loading=\"lazy\" decoding=\"async\" width=\"150\" height=\"150\" src=\"https:\/\/togoverein-jockgrim.de\/wp-content\/uploads\/2025\/06\/Baenke-fuer-Lycee-150x150.jpg\" class=\"attachment-thumbnail size-thumbnail\" alt=\"\" \/><\/a>\n\t\t\t<\/div><\/figure>\n\t\t<\/div>\n\n<p><\/p>","protected":false},"excerpt":{"rendered":"<p>L\u2019ancien centre de formation est devenu un lyc\u00e9e technique. La premi\u00e8re ann\u00e9e scolaire a commenc\u00e9 le 16 septembre 2024. Le nouveau directeur avec son \u00e9quipe a rendu visite \u00e0 tous les villages environnants pour pr\u00e9senter la nouvelle \u00e9cole. R\u00e9sultat : 252 \u00e9l\u00e8ves se sont d\u00e9j\u00e0 inscrits pour la rentr\u00e9e. Il n\u2019y a que trois lyc\u00e9es &hellip; <a href=\"https:\/\/togoverein-jockgrim.de\/fr\/projekte\/das-technische-gymnasium-in-gbalave\/\" class=\"more-link\">Continuer la lecture de <span class=\"screen-reader-text\">Le lyc\u00e9e technique de Gbalav\u00e9<\/span><\/a><\/p>\n","protected":false},"author":1,"featured_media":0,"parent":76,"menu_order":0,"comment_status":"closed","ping_status":"closed","template":"","meta":{"footnotes":""},"class_list":["post-749","page","type-page","status-publish","hentry"],"_links":{"self":[{"href":"https:\/\/togoverein-jockgrim.de\/fr\/wp-json\/wp\/v2\/pages\/749","targetHints":{"allow":["GET"]}}],"collection":[{"href":"https:\/\/togoverein-jockgrim.de\/fr\/wp-json\/wp\/v2\/pages"}],"about":[{"href":"https:\/\/togoverein-jockgrim.de\/fr\/wp-json\/wp\/v2\/types\/page"}],"author":[{"embeddable":true,"href":"https:\/\/togoverein-jockgrim.de\/fr\/wp-json\/wp\/v2\/users\/1"}],"replies":[{"embeddable":true,"href":"https:\/\/togoverein-jockgrim.de\/fr\/wp-json\/wp\/v2\/comments?post=749"}],"version-history":[{"count":4,"href":"https:\/\/togoverein-jockgrim.de\/fr\/wp-json\/wp\/v2\/pages\/749\/revisions"}],"predecessor-version":[{"id":754,"href":"https:\/\/togoverein-jockgrim.de\/fr\/wp-json\/wp\/v2\/pages\/749\/revisions\/754"}],"up":[{"embeddable":true,"href":"https:\/\/togoverein-jockgrim.de\/fr\/wp-json\/wp\/v2\/pages\/76"}],"wp:attachment":[{"href":"https:\/\/togoverein-jockgrim.de\/fr\/wp-json\/wp\/v2\/media?parent=749"}],"curies":[{"name":"wp","href":"https:\/\/api.w.org\/{rel}","templated":true}]}}