{"id":72,"date":"2018-09-12T14:32:47","date_gmt":"2018-09-12T12:32:47","guid":{"rendered":"http:\/\/togoverein-jockgrim.de\/wordpress\/?page_id=72"},"modified":"2018-09-12T14:33:20","modified_gmt":"2018-09-12T12:33:20","slug":"land-details","status":"publish","type":"page","link":"https:\/\/togoverein-jockgrim.de\/fr\/land\/land-details\/","title":{"rendered":"Pays &#8211; Detail"},"content":{"rendered":"<p>Dapaong<br \/>\nLe paysage dans le r\u00e9gion de Dapaong est plat et sec. Il est domin\u00e9 par la steppe africaine. Dapaong est la porte entre le Togo et la zone sah\u00e9lienne. Du point de vue climatique la zone soudanaise qui s&rsquo;\u00e9tend entre la for\u00eat tropicale et le d\u00e9sert commence \u00e0 partir de cette savane.<\/p>\n<p>Parc national du K\u00e9ran<br \/>\nLe Parc national avec sa r\u00e9serve d&rsquo;animaux sauvages m\u00e9rite une visite. On y voit souvent des animaux surtout des antilopes. Rarement on y rencontre de grands animaux typiquement africains comme la girafe,le rhinoc\u00e9ros, le z\u00e9bra ou le l\u00e9opard.<\/p>\n<p>R\u00e9gion de Kara<br \/>\nD\u00e9fil\u00e9 qui se situe en plein milieu d&rsquo;un paysage montagneux est vraisemblablement le plus beau village du Togo. La saison pluvieuse transforme le paysage en un parc verdoyant. Il est domin\u00e9 par les palmiers \u00e0 huile,, les baobabs, les arbres de N\u00e9r\u00e9. Les chattes forts des Tamberma sont des attractions de l&rsquo;architecture africaine. Les b\u00e2timents sont \u00e2g\u00e9s de plus de 100 ans et r\u00e9sistent aux intemp\u00e9ries climatiques. Kara est la ville de l&rsquo;ancien Pr\u00e9sident Eyad\u00e9ma et est tr\u00e8s moderne. On y trouve toute cat\u00e9gorie d&rsquo;h\u00f4tel, des march\u00e9s ainsi que le monument de Sarakawa qui est un point d&rsquo;int\u00e9r\u00eat touristique.<\/p>\n<p>R\u00e9gion Centrale<br \/>\nLe paysage de cette r\u00e9gion est plat. Cette steppe d&rsquo;arbres fertile est favorable \u00e0 la culture du sorgho. C&rsquo;est le \u00ab\u00a0grenier\u00a0\u00bb du Togo. Les deux extremes climatiques, la sekkierte et la saison des pluies sont tr\u00e8s accentu\u00e9s. La ville de Blitta est la ville principale de la culture de mango.On trouve \u00e9galement dans cette r\u00e9gion un autre Parc national le parc du Fazio. La v\u00e9g\u00e9tation est plus exub\u00e9rante et plus beau que dans le Parc du K\u00e9ran \u00e0 cause de la combinaison entre la savane et la for\u00eat. <\/p>\n<p>Le Plateau Togolais<br \/>\nTrois villes Kpalim\u00e9, Atakpam\u00e9 et Badou forment le triangle du cacao et du caf\u00e9. Montagnes,Vegetation tropicale et l&rsquo;Artisanat se trouvent sur ce Plateau. Du sommet du Mont Agou qui s&rsquo;\u00e9l\u00e8ve \u00e0 environ 1000 m, on a un panorama fantastique lorsque la visibilit\u00e9 le permet. Cette montagne solitaire et point culminant du Togo est comme une ile dans la mer. <\/p>\n<p>Le Sud<br \/>\nLe Roi  MLAPA V. est le Chef de Togoville. Cette ville se situe \u00e0  35 km \u00e0 l&rsquo;Est de la capitale Lom\u00e9,. Il y a environ 12.000 habitants. dont 4.500 enfants qui n&rsquo;ont pas  tous la possibilit\u00e9 d&rsquo;aller \u00e0 l&rsquo;\u00e9cole. La population est pauvre. <\/p>\n<p>Le point central de notre travail se situe dans la r\u00e9gion de Kpalim\u00e9. Presque tous nos projets ont \u00e9t\u00e9 r\u00e9alis\u00e9s dans le petit village de Gbalave avec ses  3.000 habitants environ. Cependant  nous supportons des \u00e9coles et avons des projets dans la r\u00e9gion d&rsquo;Aneho depuis un certain temps. <\/p>","protected":false},"excerpt":{"rendered":"<p>Dapaong Le paysage dans le r\u00e9gion de Dapaong est plat et sec. Il est domin\u00e9 par la steppe africaine. Dapaong est la porte entre le Togo et la zone sah\u00e9lienne. Du point de vue climatique la zone soudanaise qui s&rsquo;\u00e9tend entre la for\u00eat tropicale et le d\u00e9sert commence \u00e0 partir de cette savane. Parc national &hellip; <a href=\"https:\/\/togoverein-jockgrim.de\/fr\/land\/land-details\/\" class=\"more-link\">Continuer la lecture de <span class=\"screen-reader-text\">Pays &#8211; Detail<\/span><\/a><\/p>\n","protected":false},"author":1,"featured_media":0,"parent":62,"menu_order":1,"comment_status":"closed","ping_status":"closed","template":"","meta":{"footnotes":""},"class_list":["post-72","page","type-page","status-publish","hentry"],"_links":{"self":[{"href":"https:\/\/togoverein-jockgrim.de\/fr\/wp-json\/wp\/v2\/pages\/72","targetHints":{"allow":["GET"]}}],"collection":[{"href":"https:\/\/togoverein-jockgrim.de\/fr\/wp-json\/wp\/v2\/pages"}],"about":[{"href":"https:\/\/togoverein-jockgrim.de\/fr\/wp-json\/wp\/v2\/types\/page"}],"author":[{"embeddable":true,"href":"https:\/\/togoverein-jockgrim.de\/fr\/wp-json\/wp\/v2\/users\/1"}],"replies":[{"embeddable":true,"href":"https:\/\/togoverein-jockgrim.de\/fr\/wp-json\/wp\/v2\/comments?post=72"}],"version-history":[{"count":2,"href":"https:\/\/togoverein-jockgrim.de\/fr\/wp-json\/wp\/v2\/pages\/72\/revisions"}],"predecessor-version":[{"id":74,"href":"https:\/\/togoverein-jockgrim.de\/fr\/wp-json\/wp\/v2\/pages\/72\/revisions\/74"}],"up":[{"embeddable":true,"href":"https:\/\/togoverein-jockgrim.de\/fr\/wp-json\/wp\/v2\/pages\/62"}],"wp:attachment":[{"href":"https:\/\/togoverein-jockgrim.de\/fr\/wp-json\/wp\/v2\/media?parent=72"}],"curies":[{"name":"wp","href":"https:\/\/api.w.org\/{rel}","templated":true}]}}