{"id":703,"date":"2025-06-04T10:39:48","date_gmt":"2025-06-04T08:39:48","guid":{"rendered":"https:\/\/togoverein-jockgrim.de\/?page_id=703"},"modified":"2025-06-04T10:39:48","modified_gmt":"2025-06-04T08:39:48","slug":"schulpatenschaften-in-der-realschule-in-gbalave","status":"publish","type":"page","link":"https:\/\/togoverein-jockgrim.de\/fr\/projekte\/schulpatenschaften-in-der-realschule-in-gbalave\/","title":{"rendered":"Parrainages des \u00e9l\u00e8ves au CEG de Gbalave"},"content":{"rendered":"<p><\/p>\n<p style=\"font-weight: 400;\">Les \u00e9l\u00e8ves du CEG ont \u00e9galement re\u00e7u du mat\u00e9riel scolaire (livres, cahiers, crayons) cette ann\u00e9e. Le projet de parrainages est accompagn\u00e9 par notre membre du comit\u00e9 directeur Gabriele Hemmer. Le projet aide au soutien des \u00e9l\u00e8ves d\u00e9favoris\u00e9s. Les \u00e9l\u00e8ves ont obtenu les dons en pr\u00e9sence de leurs parents, de la chefferie et de trois membres de l\u2019association.<\/p>\n<div id='gallery-2' class='gallery galleryid-703 gallery-columns-3 gallery-size-thumbnail'><figure class='gallery-item'>\n\t\t\t<div class='gallery-icon landscape'>\n\t\t\t\t<a href='https:\/\/togoverein-jockgrim.de\/fr\/ceg-7\/'><img loading=\"lazy\" decoding=\"async\" width=\"150\" height=\"150\" src=\"https:\/\/togoverein-jockgrim.de\/wp-content\/uploads\/2025\/06\/CEG-7-150x150.jpg\" class=\"attachment-thumbnail size-thumbnail\" alt=\"\" \/><\/a>\n\t\t\t<\/div><\/figure><figure class='gallery-item'>\n\t\t\t<div class='gallery-icon portrait'>\n\t\t\t\t<a href='https:\/\/togoverein-jockgrim.de\/fr\/ceg-6\/'><img loading=\"lazy\" decoding=\"async\" width=\"150\" height=\"150\" src=\"https:\/\/togoverein-jockgrim.de\/wp-content\/uploads\/2025\/06\/CEG-6-150x150.jpg\" class=\"attachment-thumbnail size-thumbnail\" alt=\"\" \/><\/a>\n\t\t\t<\/div><\/figure><figure class='gallery-item'>\n\t\t\t<div class='gallery-icon landscape'>\n\t\t\t\t<a href='https:\/\/togoverein-jockgrim.de\/fr\/ceg-5\/'><img loading=\"lazy\" decoding=\"async\" width=\"150\" height=\"150\" src=\"https:\/\/togoverein-jockgrim.de\/wp-content\/uploads\/2025\/06\/CEG-5-150x150.jpg\" class=\"attachment-thumbnail size-thumbnail\" alt=\"\" \/><\/a>\n\t\t\t<\/div><\/figure><figure class='gallery-item'>\n\t\t\t<div class='gallery-icon portrait'>\n\t\t\t\t<a href='https:\/\/togoverein-jockgrim.de\/fr\/ceg-4\/'><img loading=\"lazy\" decoding=\"async\" width=\"150\" height=\"150\" src=\"https:\/\/togoverein-jockgrim.de\/wp-content\/uploads\/2025\/06\/CEG-4-150x150.jpg\" class=\"attachment-thumbnail size-thumbnail\" alt=\"\" \/><\/a>\n\t\t\t<\/div><\/figure><figure class='gallery-item'>\n\t\t\t<div class='gallery-icon portrait'>\n\t\t\t\t<a href='https:\/\/togoverein-jockgrim.de\/fr\/ceg-3\/'><img loading=\"lazy\" decoding=\"async\" width=\"150\" height=\"150\" src=\"https:\/\/togoverein-jockgrim.de\/wp-content\/uploads\/2025\/06\/CEG-3-150x150.jpg\" class=\"attachment-thumbnail size-thumbnail\" alt=\"\" \/><\/a>\n\t\t\t<\/div><\/figure><figure class='gallery-item'>\n\t\t\t<div class='gallery-icon landscape'>\n\t\t\t\t<a href='https:\/\/togoverein-jockgrim.de\/fr\/ceg-1\/'><img loading=\"lazy\" decoding=\"async\" width=\"150\" height=\"150\" src=\"https:\/\/togoverein-jockgrim.de\/wp-content\/uploads\/2025\/06\/CEG-1-150x150.jpg\" class=\"attachment-thumbnail size-thumbnail\" alt=\"\" \/><\/a>\n\t\t\t<\/div><\/figure><figure class='gallery-item'>\n\t\t\t<div class='gallery-icon landscape'>\n\t\t\t\t<a href='https:\/\/togoverein-jockgrim.de\/fr\/ceg-2\/'><img loading=\"lazy\" decoding=\"async\" width=\"150\" height=\"150\" src=\"https:\/\/togoverein-jockgrim.de\/wp-content\/uploads\/2025\/06\/CEG-2-150x150.jpg\" class=\"attachment-thumbnail size-thumbnail\" alt=\"\" \/><\/a>\n\t\t\t<\/div><\/figure>\n\t\t<\/div>\n\n<p><\/p>","protected":false},"excerpt":{"rendered":"<p>Les \u00e9l\u00e8ves du CEG ont \u00e9galement re\u00e7u du mat\u00e9riel scolaire (livres, cahiers, crayons) cette ann\u00e9e. Le projet de parrainages est accompagn\u00e9 par notre membre du comit\u00e9 directeur Gabriele Hemmer. Le projet aide au soutien des \u00e9l\u00e8ves d\u00e9favoris\u00e9s. Les \u00e9l\u00e8ves ont obtenu les dons en pr\u00e9sence de leurs parents, de la chefferie et de trois membres &hellip; <a href=\"https:\/\/togoverein-jockgrim.de\/fr\/projekte\/schulpatenschaften-in-der-realschule-in-gbalave\/\" class=\"more-link\">Continuer la lecture de <span class=\"screen-reader-text\">Parrainages des \u00e9l\u00e8ves au CEG de Gbalave<\/span><\/a><\/p>\n","protected":false},"author":1,"featured_media":0,"parent":76,"menu_order":0,"comment_status":"closed","ping_status":"closed","template":"","meta":{"footnotes":""},"class_list":["post-703","page","type-page","status-publish","hentry"],"_links":{"self":[{"href":"https:\/\/togoverein-jockgrim.de\/fr\/wp-json\/wp\/v2\/pages\/703","targetHints":{"allow":["GET"]}}],"collection":[{"href":"https:\/\/togoverein-jockgrim.de\/fr\/wp-json\/wp\/v2\/pages"}],"about":[{"href":"https:\/\/togoverein-jockgrim.de\/fr\/wp-json\/wp\/v2\/types\/page"}],"author":[{"embeddable":true,"href":"https:\/\/togoverein-jockgrim.de\/fr\/wp-json\/wp\/v2\/users\/1"}],"replies":[{"embeddable":true,"href":"https:\/\/togoverein-jockgrim.de\/fr\/wp-json\/wp\/v2\/comments?post=703"}],"version-history":[{"count":3,"href":"https:\/\/togoverein-jockgrim.de\/fr\/wp-json\/wp\/v2\/pages\/703\/revisions"}],"predecessor-version":[{"id":706,"href":"https:\/\/togoverein-jockgrim.de\/fr\/wp-json\/wp\/v2\/pages\/703\/revisions\/706"}],"up":[{"embeddable":true,"href":"https:\/\/togoverein-jockgrim.de\/fr\/wp-json\/wp\/v2\/pages\/76"}],"wp:attachment":[{"href":"https:\/\/togoverein-jockgrim.de\/fr\/wp-json\/wp\/v2\/media?parent=703"}],"curies":[{"name":"wp","href":"https:\/\/api.w.org\/{rel}","templated":true}]}}