{"id":669,"date":"2025-06-04T10:24:12","date_gmt":"2025-06-04T08:24:12","guid":{"rendered":"https:\/\/togoverein-jockgrim.de\/?page_id=669"},"modified":"2025-06-04T10:24:12","modified_gmt":"2025-06-04T08:24:12","slug":"kpota-djoguime","status":"publish","type":"page","link":"https:\/\/togoverein-jockgrim.de\/fr\/projekte\/kpota-djoguime\/","title":{"rendered":"Kpota-Djoguime"},"content":{"rendered":"<p><\/p>\n<p style=\"font-weight: 400;\">Entre-temps le toit de cette \u00e9cole primaire a \u00e9t\u00e9 compl\u00e8tement refait, les portes en bois ont \u00e9t\u00e9 remplac\u00e9es par des portes en fer et les travaux de forage pour l\u2019eau ont commenc\u00e9. C\u2019est un grand soulagement aussi bien pour les \u00e9l\u00e8ves que pour les habitants du village qui ne doivent plus faire de longs trajets \u00e0 pied pour aller chercher l\u2019eau et ils ont maintenant de l\u2019eau propre. Le comit\u00e9 directeur a \u00e9galement donn\u00e9 son accord pour le paiement de 20 nouveaux bancs d\u2019\u00e9cole.<\/p>\n<div id='gallery-2' class='gallery galleryid-669 gallery-columns-3 gallery-size-thumbnail'><figure class='gallery-item'>\n\t\t\t<div class='gallery-icon portrait'>\n\t\t\t\t<a href='https:\/\/togoverein-jockgrim.de\/fr\/wasser-5\/'><img loading=\"lazy\" decoding=\"async\" width=\"150\" height=\"150\" src=\"https:\/\/togoverein-jockgrim.de\/wp-content\/uploads\/2025\/06\/Wasser-5-150x150.jpg\" class=\"attachment-thumbnail size-thumbnail\" alt=\"\" \/><\/a>\n\t\t\t<\/div><\/figure><figure class='gallery-item'>\n\t\t\t<div class='gallery-icon portrait'>\n\t\t\t\t<a href='https:\/\/togoverein-jockgrim.de\/fr\/wasser-4\/'><img loading=\"lazy\" decoding=\"async\" width=\"150\" height=\"150\" src=\"https:\/\/togoverein-jockgrim.de\/wp-content\/uploads\/2025\/06\/Wasser-4-150x150.jpg\" class=\"attachment-thumbnail size-thumbnail\" alt=\"\" \/><\/a>\n\t\t\t<\/div><\/figure><figure class='gallery-item'>\n\t\t\t<div class='gallery-icon landscape'>\n\t\t\t\t<a href='https:\/\/togoverein-jockgrim.de\/fr\/wasser-3\/'><img loading=\"lazy\" decoding=\"async\" width=\"150\" height=\"150\" src=\"https:\/\/togoverein-jockgrim.de\/wp-content\/uploads\/2025\/06\/Wasser-3-150x150.jpg\" class=\"attachment-thumbnail size-thumbnail\" alt=\"\" \/><\/a>\n\t\t\t<\/div><\/figure><figure class='gallery-item'>\n\t\t\t<div class='gallery-icon landscape'>\n\t\t\t\t<a href='https:\/\/togoverein-jockgrim.de\/fr\/wasser-2\/'><img loading=\"lazy\" decoding=\"async\" width=\"150\" height=\"150\" src=\"https:\/\/togoverein-jockgrim.de\/wp-content\/uploads\/2025\/06\/Wasser-2-150x150.jpg\" class=\"attachment-thumbnail size-thumbnail\" alt=\"\" \/><\/a>\n\t\t\t<\/div><\/figure><figure class='gallery-item'>\n\t\t\t<div class='gallery-icon landscape'>\n\t\t\t\t<a href='https:\/\/togoverein-jockgrim.de\/fr\/wasser-1\/'><img loading=\"lazy\" decoding=\"async\" width=\"150\" height=\"150\" src=\"https:\/\/togoverein-jockgrim.de\/wp-content\/uploads\/2025\/06\/Wasser-1--150x150.jpg\" class=\"attachment-thumbnail size-thumbnail\" alt=\"\" \/><\/a>\n\t\t\t<\/div><\/figure><figure class='gallery-item'>\n\t\t\t<div class='gallery-icon landscape'>\n\t\t\t\t<a href='https:\/\/togoverein-jockgrim.de\/fr\/wasser-0\/'><img loading=\"lazy\" decoding=\"async\" width=\"150\" height=\"150\" src=\"https:\/\/togoverein-jockgrim.de\/wp-content\/uploads\/2025\/06\/Wasser-0-150x150.jpg\" class=\"attachment-thumbnail size-thumbnail\" alt=\"\" \/><\/a>\n\t\t\t<\/div><\/figure><figure class='gallery-item'>\n\t\t\t<div class='gallery-icon portrait'>\n\t\t\t\t<a href='https:\/\/togoverein-jockgrim.de\/fr\/tueren-3\/'><img loading=\"lazy\" decoding=\"async\" width=\"150\" height=\"150\" src=\"https:\/\/togoverein-jockgrim.de\/wp-content\/uploads\/2025\/06\/Tueren-3-150x150.jpg\" class=\"attachment-thumbnail size-thumbnail\" alt=\"\" \/><\/a>\n\t\t\t<\/div><\/figure><figure class='gallery-item'>\n\t\t\t<div class='gallery-icon portrait'>\n\t\t\t\t<a href='https:\/\/togoverein-jockgrim.de\/fr\/tueren-1\/'><img loading=\"lazy\" decoding=\"async\" width=\"150\" height=\"150\" src=\"https:\/\/togoverein-jockgrim.de\/wp-content\/uploads\/2025\/06\/Tueren-1-150x150.jpg\" class=\"attachment-thumbnail size-thumbnail\" alt=\"\" \/><\/a>\n\t\t\t<\/div><\/figure><figure class='gallery-item'>\n\t\t\t<div class='gallery-icon landscape'>\n\t\t\t\t<a href='https:\/\/togoverein-jockgrim.de\/fr\/tueren-2\/'><img loading=\"lazy\" decoding=\"async\" width=\"150\" height=\"150\" src=\"https:\/\/togoverein-jockgrim.de\/wp-content\/uploads\/2025\/06\/Tueren-2-150x150.jpg\" class=\"attachment-thumbnail size-thumbnail\" alt=\"\" \/><\/a>\n\t\t\t<\/div><\/figure><figure class='gallery-item'>\n\t\t\t<div class='gallery-icon landscape'>\n\t\t\t\t<a href='https:\/\/togoverein-jockgrim.de\/fr\/strom-7\/'><img loading=\"lazy\" decoding=\"async\" width=\"150\" height=\"150\" src=\"https:\/\/togoverein-jockgrim.de\/wp-content\/uploads\/2025\/06\/Strom-7-150x150.jpg\" class=\"attachment-thumbnail size-thumbnail\" alt=\"\" \/><\/a>\n\t\t\t<\/div><\/figure><figure class='gallery-item'>\n\t\t\t<div class='gallery-icon portrait'>\n\t\t\t\t<a href='https:\/\/togoverein-jockgrim.de\/fr\/strom-6\/'><img loading=\"lazy\" decoding=\"async\" width=\"150\" height=\"150\" src=\"https:\/\/togoverein-jockgrim.de\/wp-content\/uploads\/2025\/06\/Strom-6-150x150.jpg\" class=\"attachment-thumbnail size-thumbnail\" alt=\"\" \/><\/a>\n\t\t\t<\/div><\/figure><figure class='gallery-item'>\n\t\t\t<div class='gallery-icon portrait'>\n\t\t\t\t<a href='https:\/\/togoverein-jockgrim.de\/fr\/strom-4\/'><img loading=\"lazy\" decoding=\"async\" width=\"150\" height=\"150\" src=\"https:\/\/togoverein-jockgrim.de\/wp-content\/uploads\/2025\/06\/Strom-4-150x150.jpg\" class=\"attachment-thumbnail size-thumbnail\" alt=\"\" \/><\/a>\n\t\t\t<\/div><\/figure><figure class='gallery-item'>\n\t\t\t<div class='gallery-icon landscape'>\n\t\t\t\t<a href='https:\/\/togoverein-jockgrim.de\/fr\/strom-5\/'><img loading=\"lazy\" decoding=\"async\" width=\"150\" height=\"150\" src=\"https:\/\/togoverein-jockgrim.de\/wp-content\/uploads\/2025\/06\/Strom-5-150x150.jpg\" class=\"attachment-thumbnail size-thumbnail\" alt=\"\" \/><\/a>\n\t\t\t<\/div><\/figure><figure class='gallery-item'>\n\t\t\t<div class='gallery-icon landscape'>\n\t\t\t\t<a href='https:\/\/togoverein-jockgrim.de\/fr\/strom-3\/'><img loading=\"lazy\" decoding=\"async\" width=\"150\" height=\"150\" src=\"https:\/\/togoverein-jockgrim.de\/wp-content\/uploads\/2025\/06\/Strom-3-150x150.jpg\" class=\"attachment-thumbnail size-thumbnail\" alt=\"\" \/><\/a>\n\t\t\t<\/div><\/figure><figure class='gallery-item'>\n\t\t\t<div class='gallery-icon landscape'>\n\t\t\t\t<a href='https:\/\/togoverein-jockgrim.de\/fr\/strom-2\/'><img loading=\"lazy\" decoding=\"async\" width=\"150\" height=\"150\" src=\"https:\/\/togoverein-jockgrim.de\/wp-content\/uploads\/2025\/06\/Strom-2-150x150.jpg\" class=\"attachment-thumbnail size-thumbnail\" alt=\"\" \/><\/a>\n\t\t\t<\/div><\/figure><figure class='gallery-item'>\n\t\t\t<div class='gallery-icon landscape'>\n\t\t\t\t<a href='https:\/\/togoverein-jockgrim.de\/fr\/schulbaenke\/'><img loading=\"lazy\" decoding=\"async\" width=\"150\" height=\"150\" src=\"https:\/\/togoverein-jockgrim.de\/wp-content\/uploads\/2025\/06\/Schulbaenke--150x150.jpg\" class=\"attachment-thumbnail size-thumbnail\" alt=\"\" \/><\/a>\n\t\t\t<\/div><\/figure><figure class='gallery-item'>\n\t\t\t<div class='gallery-icon portrait'>\n\t\t\t\t<a href='https:\/\/togoverein-jockgrim.de\/fr\/strom-1\/'><img loading=\"lazy\" decoding=\"async\" width=\"150\" height=\"150\" src=\"https:\/\/togoverein-jockgrim.de\/wp-content\/uploads\/2025\/06\/Strom-1--150x150.jpg\" class=\"attachment-thumbnail size-thumbnail\" alt=\"\" \/><\/a>\n\t\t\t<\/div><\/figure>\n\t\t<\/div>\n\n<p><\/p>","protected":false},"excerpt":{"rendered":"<p>Entre-temps le toit de cette \u00e9cole primaire a \u00e9t\u00e9 compl\u00e8tement refait, les portes en bois ont \u00e9t\u00e9 remplac\u00e9es par des portes en fer et les travaux de forage pour l\u2019eau ont commenc\u00e9. C\u2019est un grand soulagement aussi bien pour les \u00e9l\u00e8ves que pour les habitants du village qui ne doivent plus faire de longs trajets &hellip; <a href=\"https:\/\/togoverein-jockgrim.de\/fr\/projekte\/kpota-djoguime\/\" class=\"more-link\">Continuer la lecture de <span class=\"screen-reader-text\">Kpota-Djoguime<\/span><\/a><\/p>\n","protected":false},"author":1,"featured_media":0,"parent":76,"menu_order":0,"comment_status":"closed","ping_status":"closed","template":"","meta":{"footnotes":""},"class_list":["post-669","page","type-page","status-publish","hentry"],"_links":{"self":[{"href":"https:\/\/togoverein-jockgrim.de\/fr\/wp-json\/wp\/v2\/pages\/669","targetHints":{"allow":["GET"]}}],"collection":[{"href":"https:\/\/togoverein-jockgrim.de\/fr\/wp-json\/wp\/v2\/pages"}],"about":[{"href":"https:\/\/togoverein-jockgrim.de\/fr\/wp-json\/wp\/v2\/types\/page"}],"author":[{"embeddable":true,"href":"https:\/\/togoverein-jockgrim.de\/fr\/wp-json\/wp\/v2\/users\/1"}],"replies":[{"embeddable":true,"href":"https:\/\/togoverein-jockgrim.de\/fr\/wp-json\/wp\/v2\/comments?post=669"}],"version-history":[{"count":4,"href":"https:\/\/togoverein-jockgrim.de\/fr\/wp-json\/wp\/v2\/pages\/669\/revisions"}],"predecessor-version":[{"id":673,"href":"https:\/\/togoverein-jockgrim.de\/fr\/wp-json\/wp\/v2\/pages\/669\/revisions\/673"}],"up":[{"embeddable":true,"href":"https:\/\/togoverein-jockgrim.de\/fr\/wp-json\/wp\/v2\/pages\/76"}],"wp:attachment":[{"href":"https:\/\/togoverein-jockgrim.de\/fr\/wp-json\/wp\/v2\/media?parent=669"}],"curies":[{"name":"wp","href":"https:\/\/api.w.org\/{rel}","templated":true}]}}