{"id":645,"date":"2025-06-04T10:13:00","date_gmt":"2025-06-04T08:13:00","guid":{"rendered":"https:\/\/togoverein-jockgrim.de\/?page_id=645"},"modified":"2025-06-04T10:13:00","modified_gmt":"2025-06-04T08:13:00","slug":"kindergarten-kpeme","status":"publish","type":"page","link":"https:\/\/togoverein-jockgrim.de\/fr\/projekte\/kindergarten-kpeme\/","title":{"rendered":"Ecole maternelle de Kpeme"},"content":{"rendered":"<p><\/p>\n<p style=\"font-weight: 400;\">20 tables et chaises ont \u00e9t\u00e9 financ\u00e9es par l\u2019association pour l\u2019\u00e9cole maternelle de Kpeme. Il en manque encore 15.<\/p>\n<p style=\"font-weight: 400;\">Notre secr\u00e9taire avait du mat\u00e9riel scolaire, des jeux et des peluches pour les enfants qui \u00e9taient tr\u00e8s contents.<\/p>\n<div id='gallery-2' class='gallery galleryid-645 gallery-columns-3 gallery-size-thumbnail'><figure class='gallery-item'>\n\t\t\t<div class='gallery-icon portrait'>\n\t\t\t\t<a href='https:\/\/togoverein-jockgrim.de\/fr\/kpeme-7\/'><img loading=\"lazy\" decoding=\"async\" width=\"150\" height=\"150\" src=\"https:\/\/togoverein-jockgrim.de\/wp-content\/uploads\/2025\/06\/Kpeme-7-150x150.jpg\" class=\"attachment-thumbnail size-thumbnail\" alt=\"\" \/><\/a>\n\t\t\t<\/div><\/figure><figure class='gallery-item'>\n\t\t\t<div class='gallery-icon landscape'>\n\t\t\t\t<a href='https:\/\/togoverein-jockgrim.de\/fr\/kpeme-6\/'><img loading=\"lazy\" decoding=\"async\" width=\"150\" height=\"150\" src=\"https:\/\/togoverein-jockgrim.de\/wp-content\/uploads\/2025\/06\/Kpeme-6-150x150.jpg\" class=\"attachment-thumbnail size-thumbnail\" alt=\"\" \/><\/a>\n\t\t\t<\/div><\/figure><figure class='gallery-item'>\n\t\t\t<div class='gallery-icon landscape'>\n\t\t\t\t<a href='https:\/\/togoverein-jockgrim.de\/fr\/kpeme-5\/'><img loading=\"lazy\" decoding=\"async\" width=\"150\" height=\"150\" src=\"https:\/\/togoverein-jockgrim.de\/wp-content\/uploads\/2025\/06\/Kpeme-5-150x150.jpg\" class=\"attachment-thumbnail size-thumbnail\" alt=\"\" \/><\/a>\n\t\t\t<\/div><\/figure><figure class='gallery-item'>\n\t\t\t<div class='gallery-icon portrait'>\n\t\t\t\t<a href='https:\/\/togoverein-jockgrim.de\/fr\/kpeme-4\/'><img loading=\"lazy\" decoding=\"async\" width=\"150\" height=\"150\" src=\"https:\/\/togoverein-jockgrim.de\/wp-content\/uploads\/2025\/06\/Kpeme-4-150x150.jpg\" class=\"attachment-thumbnail size-thumbnail\" alt=\"\" \/><\/a>\n\t\t\t<\/div><\/figure><figure class='gallery-item'>\n\t\t\t<div class='gallery-icon portrait'>\n\t\t\t\t<a href='https:\/\/togoverein-jockgrim.de\/fr\/kpeme-3\/'><img loading=\"lazy\" decoding=\"async\" width=\"150\" height=\"150\" src=\"https:\/\/togoverein-jockgrim.de\/wp-content\/uploads\/2025\/06\/Kpeme-3-150x150.jpg\" class=\"attachment-thumbnail size-thumbnail\" alt=\"\" \/><\/a>\n\t\t\t<\/div><\/figure><figure class='gallery-item'>\n\t\t\t<div class='gallery-icon landscape'>\n\t\t\t\t<a href='https:\/\/togoverein-jockgrim.de\/fr\/kpeme-2\/'><img loading=\"lazy\" decoding=\"async\" width=\"150\" height=\"150\" src=\"https:\/\/togoverein-jockgrim.de\/wp-content\/uploads\/2025\/06\/Kpeme-2-150x150.jpg\" class=\"attachment-thumbnail size-thumbnail\" alt=\"\" \/><\/a>\n\t\t\t<\/div><\/figure><figure class='gallery-item'>\n\t\t\t<div class='gallery-icon portrait'>\n\t\t\t\t<a href='https:\/\/togoverein-jockgrim.de\/fr\/kpeme-1\/'><img loading=\"lazy\" decoding=\"async\" width=\"150\" height=\"150\" src=\"https:\/\/togoverein-jockgrim.de\/wp-content\/uploads\/2025\/06\/Kpeme-1-150x150.jpg\" class=\"attachment-thumbnail size-thumbnail\" alt=\"\" \/><\/a>\n\t\t\t<\/div><\/figure>\n\t\t<\/div>\n\n<p><\/p>","protected":false},"excerpt":{"rendered":"<p>20 tables et chaises ont \u00e9t\u00e9 financ\u00e9es par l\u2019association pour l\u2019\u00e9cole maternelle de Kpeme. Il en manque encore 15. Notre secr\u00e9taire avait du mat\u00e9riel scolaire, des jeux et des peluches pour les enfants qui \u00e9taient tr\u00e8s contents.<\/p>\n","protected":false},"author":1,"featured_media":0,"parent":76,"menu_order":0,"comment_status":"closed","ping_status":"closed","template":"","meta":{"footnotes":""},"class_list":["post-645","page","type-page","status-publish","hentry"],"_links":{"self":[{"href":"https:\/\/togoverein-jockgrim.de\/fr\/wp-json\/wp\/v2\/pages\/645","targetHints":{"allow":["GET"]}}],"collection":[{"href":"https:\/\/togoverein-jockgrim.de\/fr\/wp-json\/wp\/v2\/pages"}],"about":[{"href":"https:\/\/togoverein-jockgrim.de\/fr\/wp-json\/wp\/v2\/types\/page"}],"author":[{"embeddable":true,"href":"https:\/\/togoverein-jockgrim.de\/fr\/wp-json\/wp\/v2\/users\/1"}],"replies":[{"embeddable":true,"href":"https:\/\/togoverein-jockgrim.de\/fr\/wp-json\/wp\/v2\/comments?post=645"}],"version-history":[{"count":4,"href":"https:\/\/togoverein-jockgrim.de\/fr\/wp-json\/wp\/v2\/pages\/645\/revisions"}],"predecessor-version":[{"id":649,"href":"https:\/\/togoverein-jockgrim.de\/fr\/wp-json\/wp\/v2\/pages\/645\/revisions\/649"}],"up":[{"embeddable":true,"href":"https:\/\/togoverein-jockgrim.de\/fr\/wp-json\/wp\/v2\/pages\/76"}],"wp:attachment":[{"href":"https:\/\/togoverein-jockgrim.de\/fr\/wp-json\/wp\/v2\/media?parent=645"}],"curies":[{"name":"wp","href":"https:\/\/api.w.org\/{rel}","templated":true}]}}