{"id":62,"date":"2018-09-12T13:48:45","date_gmt":"2018-09-12T11:48:45","guid":{"rendered":"http:\/\/togoverein-jockgrim.de\/wordpress\/?page_id=62"},"modified":"2018-09-12T15:39:18","modified_gmt":"2018-09-12T13:39:18","slug":"land","status":"publish","type":"page","link":"https:\/\/togoverein-jockgrim.de\/fr\/land\/","title":{"rendered":"Le Pays"},"content":{"rendered":"<p><img loading=\"lazy\" decoding=\"async\" class=\"alignnone size-full wp-image-103\" src=\"http:\/\/togoverein-jockgrim.de\/wordpress\/wp-content\/uploads\/2018\/09\/Land-Karte.jpg\" alt=\"\" width=\"721\" height=\"747\" srcset=\"https:\/\/togoverein-jockgrim.de\/wp-content\/uploads\/2018\/09\/Land-Karte.jpg 721w, https:\/\/togoverein-jockgrim.de\/wp-content\/uploads\/2018\/09\/Land-Karte-290x300.jpg 290w\" sizes=\"auto, (max-width: 721px) 100vw, 721px\" \/><\/p>\n<p>Le Togo est un pays en Afrique de l&rsquo;Ouest d&rsquo;une superficie de 56.785 km2 (comparable \u00e0 la \u00a0Bavi\u00e8re) avec environ 7 millions d&rsquo;habitants. Avec la signature du contrat de protectorat entre le roi MLAPA III et le Consul g\u00e9n\u00e9ral Nachtigal le 4 Juillet 1884, le Togo est devenu une colonie allemande. Apr\u00e8s la premi\u00e8re guerre mondiale (1918) les Anglais et les Fran\u00e7ais divisent le pays. D\u00e8s lors, le fran\u00e7ais est devenu la langue officielle du Togo. Cependant les diverses ethnies, plus de 40 en nombre, utilisent leurs propres langues ou des dialectes. Le groupe le plus important sont les Ewes qui habitent en grande partie dans le Sud du pays et les Kaby\u00e9s qui habitent en grande partie dans la R\u00e9gion de Kara.<\/p>\n<p>Le Togo a acc\u00e9d\u00e9 \u00e0 l&rsquo;ind\u00e9pendance le 27. Avril 1960. Le Togo a fait un grand pas vers la d\u00e9mocratie et s&rsquo;e dirige vers un pays \u00e9mergeant.<\/p>\n<p><strong>Quelques chiffres:<\/strong><\/p>\n<p>Densit\u00e9: 126 hab \/ Km2<\/p>\n<p>PIB (2013): 4,339 Milliard USD<\/p>\n<p>Esperance de vie \u00e0 la naissance: 56 ans<\/p>\n<p>Degr\u00e9 d&rsquo;alphab\u00e9tisation: 60,4%<\/p>","protected":false},"excerpt":{"rendered":"<p>Le Togo est un pays en Afrique de l&rsquo;Ouest d&rsquo;une superficie de 56.785 km2 (comparable \u00e0 la \u00a0Bavi\u00e8re) avec environ 7 millions d&rsquo;habitants. Avec la signature du contrat de protectorat entre le roi MLAPA III et le Consul g\u00e9n\u00e9ral Nachtigal le 4 Juillet 1884, le Togo est devenu une colonie allemande. Apr\u00e8s la premi\u00e8re guerre &hellip; <a href=\"https:\/\/togoverein-jockgrim.de\/fr\/land\/\" class=\"more-link\">Continuer la lecture de <span class=\"screen-reader-text\">Le Pays<\/span><\/a><\/p>\n","protected":false},"author":1,"featured_media":0,"parent":0,"menu_order":5,"comment_status":"closed","ping_status":"closed","template":"","meta":{"footnotes":""},"class_list":["post-62","page","type-page","status-publish","hentry"],"_links":{"self":[{"href":"https:\/\/togoverein-jockgrim.de\/fr\/wp-json\/wp\/v2\/pages\/62","targetHints":{"allow":["GET"]}}],"collection":[{"href":"https:\/\/togoverein-jockgrim.de\/fr\/wp-json\/wp\/v2\/pages"}],"about":[{"href":"https:\/\/togoverein-jockgrim.de\/fr\/wp-json\/wp\/v2\/types\/page"}],"author":[{"embeddable":true,"href":"https:\/\/togoverein-jockgrim.de\/fr\/wp-json\/wp\/v2\/users\/1"}],"replies":[{"embeddable":true,"href":"https:\/\/togoverein-jockgrim.de\/fr\/wp-json\/wp\/v2\/comments?post=62"}],"version-history":[{"count":3,"href":"https:\/\/togoverein-jockgrim.de\/fr\/wp-json\/wp\/v2\/pages\/62\/revisions"}],"predecessor-version":[{"id":104,"href":"https:\/\/togoverein-jockgrim.de\/fr\/wp-json\/wp\/v2\/pages\/62\/revisions\/104"}],"wp:attachment":[{"href":"https:\/\/togoverein-jockgrim.de\/fr\/wp-json\/wp\/v2\/media?parent=62"}],"curies":[{"name":"wp","href":"https:\/\/api.w.org\/{rel}","templated":true}]}}