{"id":617,"date":"2025-06-04T09:49:58","date_gmt":"2025-06-04T07:49:58","guid":{"rendered":"https:\/\/togoverein-jockgrim.de\/?page_id=617"},"modified":"2025-06-04T10:01:56","modified_gmt":"2025-06-04T08:01:56","slug":"feuerwehr-in-lome","status":"publish","type":"page","link":"https:\/\/togoverein-jockgrim.de\/fr\/projekte\/feuerwehr-in-lome\/","title":{"rendered":"Les pompiers de Lom\u00e9"},"content":{"rendered":"<p><\/p>\n<p style=\"font-weight: 400;\">Il y a eu un changement \u00e0 la direction en octobre. Le colonel Asagbe est parti en retraite et le commandant Amah est son successeur. Il est \u00e9galement tr\u00e8s int\u00e9ress\u00e9 de travailler avec nous.<\/p>\n<p style=\"font-weight: 400;\">La d\u00e9l\u00e9gation d\u2019Allemagne a pu se convaincre sur place que le v\u00e9hicule donn\u00e9 par les pompiers de Neupotz est bien arriv\u00e9 \u00e0 Lom\u00e9.<\/p>\n<div id='gallery-2' class='gallery galleryid-617 gallery-columns-3 gallery-size-thumbnail'><figure class='gallery-item'>\n\t\t\t<div class='gallery-icon portrait'>\n\t\t\t\t<a href='https:\/\/togoverein-jockgrim.de\/fr\/projekte\/feuerwehr-in-lome\/feuerw-4\/'><img loading=\"lazy\" decoding=\"async\" width=\"150\" height=\"150\" src=\"https:\/\/togoverein-jockgrim.de\/wp-content\/uploads\/2025\/06\/feuerw-4-150x150.jpg\" class=\"attachment-thumbnail size-thumbnail\" alt=\"\" \/><\/a>\n\t\t\t<\/div><\/figure><figure class='gallery-item'>\n\t\t\t<div class='gallery-icon landscape'>\n\t\t\t\t<a href='https:\/\/togoverein-jockgrim.de\/fr\/projekte\/feuerwehr-in-lome\/feuerw-3\/'><img loading=\"lazy\" decoding=\"async\" width=\"150\" height=\"150\" src=\"https:\/\/togoverein-jockgrim.de\/wp-content\/uploads\/2025\/06\/feuerw-3-150x150.jpg\" class=\"attachment-thumbnail size-thumbnail\" alt=\"\" \/><\/a>\n\t\t\t<\/div><\/figure><figure class='gallery-item'>\n\t\t\t<div class='gallery-icon portrait'>\n\t\t\t\t<a href='https:\/\/togoverein-jockgrim.de\/fr\/projekte\/feuerwehr-in-lome\/feuerw-2\/'><img loading=\"lazy\" decoding=\"async\" width=\"150\" height=\"150\" src=\"https:\/\/togoverein-jockgrim.de\/wp-content\/uploads\/2025\/06\/feuerw-2-150x150.jpg\" class=\"attachment-thumbnail size-thumbnail\" alt=\"\" \/><\/a>\n\t\t\t<\/div><\/figure><figure class='gallery-item'>\n\t\t\t<div class='gallery-icon portrait'>\n\t\t\t\t<a href='https:\/\/togoverein-jockgrim.de\/fr\/projekte\/feuerwehr-in-lome\/feuerw-1\/'><img loading=\"lazy\" decoding=\"async\" width=\"150\" height=\"150\" src=\"https:\/\/togoverein-jockgrim.de\/wp-content\/uploads\/2025\/06\/feuerw-1-150x150.jpg\" class=\"attachment-thumbnail size-thumbnail\" alt=\"\" \/><\/a>\n\t\t\t<\/div><\/figure>\n\t\t<\/div>\n\n<p><\/p>","protected":false},"excerpt":{"rendered":"<p>Il y a eu un changement \u00e0 la direction en octobre. Le colonel Asagbe est parti en retraite et le commandant Amah est son successeur. Il est \u00e9galement tr\u00e8s int\u00e9ress\u00e9 de travailler avec nous. La d\u00e9l\u00e9gation d\u2019Allemagne a pu se convaincre sur place que le v\u00e9hicule donn\u00e9 par les pompiers de Neupotz est bien arriv\u00e9 &hellip; <a href=\"https:\/\/togoverein-jockgrim.de\/fr\/projekte\/feuerwehr-in-lome\/\" class=\"more-link\">Continuer la lecture de <span class=\"screen-reader-text\">Les pompiers de Lom\u00e9<\/span><\/a><\/p>\n","protected":false},"author":1,"featured_media":0,"parent":76,"menu_order":0,"comment_status":"closed","ping_status":"closed","template":"","meta":{"footnotes":""},"class_list":["post-617","page","type-page","status-publish","hentry"],"_links":{"self":[{"href":"https:\/\/togoverein-jockgrim.de\/fr\/wp-json\/wp\/v2\/pages\/617","targetHints":{"allow":["GET"]}}],"collection":[{"href":"https:\/\/togoverein-jockgrim.de\/fr\/wp-json\/wp\/v2\/pages"}],"about":[{"href":"https:\/\/togoverein-jockgrim.de\/fr\/wp-json\/wp\/v2\/types\/page"}],"author":[{"embeddable":true,"href":"https:\/\/togoverein-jockgrim.de\/fr\/wp-json\/wp\/v2\/users\/1"}],"replies":[{"embeddable":true,"href":"https:\/\/togoverein-jockgrim.de\/fr\/wp-json\/wp\/v2\/comments?post=617"}],"version-history":[{"count":4,"href":"https:\/\/togoverein-jockgrim.de\/fr\/wp-json\/wp\/v2\/pages\/617\/revisions"}],"predecessor-version":[{"id":623,"href":"https:\/\/togoverein-jockgrim.de\/fr\/wp-json\/wp\/v2\/pages\/617\/revisions\/623"}],"up":[{"embeddable":true,"href":"https:\/\/togoverein-jockgrim.de\/fr\/wp-json\/wp\/v2\/pages\/76"}],"wp:attachment":[{"href":"https:\/\/togoverein-jockgrim.de\/fr\/wp-json\/wp\/v2\/media?parent=617"}],"curies":[{"name":"wp","href":"https:\/\/api.w.org\/{rel}","templated":true}]}}