{"id":604,"date":"2025-06-04T09:27:19","date_gmt":"2025-06-04T07:27:19","guid":{"rendered":"https:\/\/togoverein-jockgrim.de\/?page_id=604"},"modified":"2025-06-04T10:30:56","modified_gmt":"2025-06-04T08:30:56","slug":"togoreise-2024","status":"publish","type":"page","link":"https:\/\/togoverein-jockgrim.de\/fr\/aktuelles-2\/togoreise-2024\/","title":{"rendered":"VOYAGE AU TOGO EN 2024"},"content":{"rendered":"<p><\/p>\n<p style=\"font-weight: 400;\">Le 7 octobre 2024, une d\u00e9l\u00e9gation de 5 personnes avec trois membres du comit\u00e9 directeur sont partis \u00e0 Lom\u00e9 comme d\u2019habitude \u00e0 leurs frais. Ils \u00e9taient accompagn\u00e9s de deux amis de l\u2019association qui voulaient se faire une id\u00e9e du travail effectu\u00e9 sur place.<\/p>\n<p style=\"font-weight: 400;\">Le voyage a commenc\u00e9 dans la r\u00e9gion de Kpalim\u00e9 \u00e0 120 kilom\u00e8tres de Lom\u00e9 car la remise des dipl\u00f4mes devait avoir lieu le 12.10.20244. Apr\u00e8s une semaine, le groupe est retourn\u00e9 \u00e0 Lom\u00e9 pour aller voir les projets sur la c\u00f4te au sud du pays, trois \u00e9coles qui sont soutenues par l\u2019association.<\/p>\n<p style=\"font-weight: 400;\">Apr\u00e8s le d\u00e9part des deux amis pour l\u2019Allemagne, les membres du comit\u00e9 directeur sont retourn\u00e9s \u00e0 Kpalim\u00e9 pour s\u2019occuper des nombreux projets et pr\u00e9parer la mission des audioproth\u00e9sistes de la soci\u00e9t\u00e9 Iffland. La soci\u00e9t\u00e9 Iffland soutient le projet des audioproth\u00e9sistes \u00e0 l\u2019h\u00f4pital de Kpalim\u00e9. La mission a eu lieu du 4 au 8 novembre 2024. Les membres du comit\u00e9 directeur de l\u2019association ont accompagn\u00e9 les audioproth\u00e9sistes pendant toute leur mission.<\/p>\n<p><\/p>","protected":false},"excerpt":{"rendered":"<p>Le 7 octobre 2024, une d\u00e9l\u00e9gation de 5 personnes avec trois membres du comit\u00e9 directeur sont partis \u00e0 Lom\u00e9 comme d\u2019habitude \u00e0 leurs frais. Ils \u00e9taient accompagn\u00e9s de deux amis de l\u2019association qui voulaient se faire une id\u00e9e du travail effectu\u00e9 sur place. Le voyage a commenc\u00e9 dans la r\u00e9gion de Kpalim\u00e9 \u00e0 120 kilom\u00e8tres &hellip; <a href=\"https:\/\/togoverein-jockgrim.de\/fr\/aktuelles-2\/togoreise-2024\/\" class=\"more-link\">Continuer la lecture de <span class=\"screen-reader-text\">VOYAGE AU TOGO EN 2024<\/span><\/a><\/p>\n","protected":false},"author":1,"featured_media":0,"parent":425,"menu_order":0,"comment_status":"closed","ping_status":"closed","template":"","meta":{"footnotes":""},"class_list":["post-604","page","type-page","status-publish","hentry"],"_links":{"self":[{"href":"https:\/\/togoverein-jockgrim.de\/fr\/wp-json\/wp\/v2\/pages\/604","targetHints":{"allow":["GET"]}}],"collection":[{"href":"https:\/\/togoverein-jockgrim.de\/fr\/wp-json\/wp\/v2\/pages"}],"about":[{"href":"https:\/\/togoverein-jockgrim.de\/fr\/wp-json\/wp\/v2\/types\/page"}],"author":[{"embeddable":true,"href":"https:\/\/togoverein-jockgrim.de\/fr\/wp-json\/wp\/v2\/users\/1"}],"replies":[{"embeddable":true,"href":"https:\/\/togoverein-jockgrim.de\/fr\/wp-json\/wp\/v2\/comments?post=604"}],"version-history":[{"count":3,"href":"https:\/\/togoverein-jockgrim.de\/fr\/wp-json\/wp\/v2\/pages\/604\/revisions"}],"predecessor-version":[{"id":607,"href":"https:\/\/togoverein-jockgrim.de\/fr\/wp-json\/wp\/v2\/pages\/604\/revisions\/607"}],"up":[{"embeddable":true,"href":"https:\/\/togoverein-jockgrim.de\/fr\/wp-json\/wp\/v2\/pages\/425"}],"wp:attachment":[{"href":"https:\/\/togoverein-jockgrim.de\/fr\/wp-json\/wp\/v2\/media?parent=604"}],"curies":[{"name":"wp","href":"https:\/\/api.w.org\/{rel}","templated":true}]}}