{"id":34,"date":"2018-09-12T11:35:49","date_gmt":"2018-09-12T09:35:49","guid":{"rendered":"http:\/\/togoverein-jockgrim.de\/wordpress\/?page_id=34"},"modified":"2022-10-10T13:51:56","modified_gmt":"2022-10-10T11:51:56","slug":"vorstand","status":"publish","type":"page","link":"https:\/\/togoverein-jockgrim.de\/fr\/verein\/vorstand\/","title":{"rendered":"Les membres du comit\u00e9 de direction"},"content":{"rendered":"<p>M. Dr. Samuel Husunu, Jockgrim, Economiste, Pr\u00e9sident<\/p>\n<p>M. Oliver H\u00e4gele, Jockgrim, Informaticien, Vice-pr\u00e9sident<\/p>\n<p>Mme Mireille Mathey, Jockgrim, Traductrice dipl\u00f4m\u00e9e, Secr\u00e9taire<\/p>\n<p>M. Michael Fuhr, Jockgrim, Diplom\u00e9 en Gestion, Tr\u00e9sorier,<\/p>\n<p>Mme Liselotte D\u00f6rlich, Landau in der Pfalz, Enseignante, Conseill\u00e8re<\/p>\n<p>Mme Gabriele Hemmer, Pirmasens, Educatrice,Bureau de coordination Pirmasens<\/p>\n<p>M. Romain Husunu, Jockgrim, M\u00e9canicien, Conseiller<\/p>\n<p>M. Klemens Deutsch, Jockgrim, M\u00e9canicien de pr\u00e9cision, Conseiller<\/p>\n<p>M. Kurt Klimperle, Rheinzabern, Directeur d&rsquo;\u00e9cole,\u00a0Conseiller<\/p>\n<p>M. Rudi M\u00fcller, Jockgrim, Technicien, Conseiller<\/p>\n<p>Mme Monika Pfahler, Jockgrim, Formatrice, Conseill\u00e8re<\/p>","protected":false},"excerpt":{"rendered":"<p>M. Dr. Samuel Husunu, Jockgrim, Economiste, Pr\u00e9sident M. Oliver H\u00e4gele, Jockgrim, Informaticien, Vice-pr\u00e9sident Mme Mireille Mathey, Jockgrim, Traductrice dipl\u00f4m\u00e9e, Secr\u00e9taire M. Michael Fuhr, Jockgrim, Diplom\u00e9 en Gestion, Tr\u00e9sorier, Mme Liselotte D\u00f6rlich, Landau in der Pfalz, Enseignante, Conseill\u00e8re Mme Gabriele Hemmer, Pirmasens, Educatrice,Bureau de coordination Pirmasens M. Romain Husunu, Jockgrim, M\u00e9canicien, Conseiller M. Klemens Deutsch, Jockgrim, &hellip; <a href=\"https:\/\/togoverein-jockgrim.de\/fr\/verein\/vorstand\/\" class=\"more-link\">Continuer la lecture de <span class=\"screen-reader-text\">Les membres du comit\u00e9 de direction<\/span><\/a><\/p>\n","protected":false},"author":1,"featured_media":0,"parent":25,"menu_order":2,"comment_status":"closed","ping_status":"closed","template":"","meta":{"footnotes":""},"class_list":["post-34","page","type-page","status-publish","hentry"],"_links":{"self":[{"href":"https:\/\/togoverein-jockgrim.de\/fr\/wp-json\/wp\/v2\/pages\/34","targetHints":{"allow":["GET"]}}],"collection":[{"href":"https:\/\/togoverein-jockgrim.de\/fr\/wp-json\/wp\/v2\/pages"}],"about":[{"href":"https:\/\/togoverein-jockgrim.de\/fr\/wp-json\/wp\/v2\/types\/page"}],"author":[{"embeddable":true,"href":"https:\/\/togoverein-jockgrim.de\/fr\/wp-json\/wp\/v2\/users\/1"}],"replies":[{"embeddable":true,"href":"https:\/\/togoverein-jockgrim.de\/fr\/wp-json\/wp\/v2\/comments?post=34"}],"version-history":[{"count":6,"href":"https:\/\/togoverein-jockgrim.de\/fr\/wp-json\/wp\/v2\/pages\/34\/revisions"}],"predecessor-version":[{"id":412,"href":"https:\/\/togoverein-jockgrim.de\/fr\/wp-json\/wp\/v2\/pages\/34\/revisions\/412"}],"up":[{"embeddable":true,"href":"https:\/\/togoverein-jockgrim.de\/fr\/wp-json\/wp\/v2\/pages\/25"}],"wp:attachment":[{"href":"https:\/\/togoverein-jockgrim.de\/fr\/wp-json\/wp\/v2\/media?parent=34"}],"curies":[{"name":"wp","href":"https:\/\/api.w.org\/{rel}","templated":true}]}}