{"id":29,"date":"2018-09-12T11:00:22","date_gmt":"2018-09-12T09:00:22","guid":{"rendered":"http:\/\/togoverein-jockgrim.de\/wordpress\/?page_id=29"},"modified":"2018-09-12T13:40:18","modified_gmt":"2018-09-12T11:40:18","slug":"die-urspruenge-des-vereins","status":"publish","type":"page","link":"https:\/\/togoverein-jockgrim.de\/fr\/verein\/die-urspruenge-des-vereins\/","title":{"rendered":"Les origines de notre association"},"content":{"rendered":"<p>Sur la demande de l&rsquo;Archev\u00eaque de Lom\u00e9, 2 pr\u00eatres du Dioc\u00e8se de Spire, R.P. Anton Klug et R.P. G\u00fcnther Lendle furent envoy\u00e9s au Togo en 1969. Ils \u00e9taient les premiers pr\u00eatres allemands qui s&rsquo;installent au Togo apr\u00e8s la premiere guerre mondiale.<\/p>\n<p>Pour se pr\u00e9parer \u00e0 leur mission, ces pr\u00eatres avaient pass\u00e9 quelque temps \u00e0 Jockgrim chez le R.P. Franz Krob qui \u00e9tait le directeur du Centre de Formation des ouvriers (Arbeiterbildungsst\u00e4tte)<\/p>\n<p>Les groupes qui s&rsquo;\u00e9taient form\u00e9s autour du P\u00e8re Krob ont soutenu le travail des Missionnaires au Togo. Leurs dons (qu&rsquo;on appelait le sacrifice du vendredi) \u00e9taient importants \u00a0et \u00e9taient accept\u00e9s avec reconnaissance<\/p>\n<p>Des volontaires de Jockgrim, Harald Gro\u00df\u00a0et\u00a0Klemens Deutsch, sont rest\u00e9s durant plusieurs ann\u00e9es au Togo. D&rsquo;autres encore comme \u00a0Xaver Braun et son \u00e9pouse\u00a0Hildegard de B\u00fcchelberg\u00a0ainsi que\u00a0Thomas Thiele de Pirmasens ont suivi.<\/p>\n<p>Aussi de bon nombre de togolais \u00e9taient venus en visite ou pour des soins m\u00e9dicaux \u00e0 Jockgrim entre autre des \u00e9v\u00eaques, des pr\u00eatres, des religieuses ainsi que des la\u00efcs.<\/p>\n<p>Dans beaucoup de groupes qui se trouvaient \u00e0 Jockgrim, les jeunes et les adultes ont fait des parainages avec des n\u00e9cessiteux au Togo. Ceux qui participaient \u00e0 des s\u00e9minaires chez le P\u00e8re Krob, donnaient une partie \u00a0du prix du seminaire en solidarit\u00e9 avec\u00a0les gens au Togo. Les membres du Mouvement des Ouvriers Catholiques (KAB) faisaient \u00e9galement des cotisations\u00a0pour des projets au\u00a0Togo<\/p>\n<p>C&rsquo;est ici qu&rsquo;est n\u00e9e l&rsquo;Aktion Togo. L&rsquo;id\u00e9e d&rsquo;aider des gens et de r\u00e9aliser des projets au Togo est devenue une r\u00e9alit\u00e9.<\/p>\n<p>Fin d\u00e9cembre 1984 un groupe de 10 personnes sous la direction du R.P. Krob s&rsquo;est rendu au Togo pour visiter les projets r\u00e9alis\u00e9s ou en cours et en initier d&rsquo;autres. Ce voyage a \u00e9t\u00e9 organis\u00e9 par Dr. Samuel Husunu. Le groupe a visit\u00e9 son village natal, Gbalave. De nouveaux projets ont vu le jour. Emil Hemmer de Pirmasens s&rsquo;est declar\u00e9 pr\u00eat \u00e0 r\u00e9aliser les projets \u00e0 Gbalave.<\/p>\n<p>Des jumelages entre\u00a0\u00e9coles ont commenc\u00e9. L&rsquo;\u00e9cole de Rheinzabern (R\u00f6merbadschule) dont le recteur \u00e9tait Kurt Klimperle et le vice-recteur Siegbert Kemmer s&rsquo;est jumel\u00e9e avec l&rsquo;\u00e9cole primaire de Gbalave. Ensuite, apr\u00e8s que la R\u00f6merbadschule fut devenue une \u00e9cole int\u00e9gr\u00e9e (College) \u00a0elle a pris le jumelage avec le CEG de Vogan. L&rsquo;\u00e9cole primaire de Jockgrim sous la direction de Gerhard Pfahler a pris le jumelage avec l&rsquo;\u00e9cole primaire de Gbalave. Ce jumelage comme celui de Vogan continue jusqu&rsquo;\u00e0 nos jours.<\/p>\n<p>Le 13 avril 1996 l&rsquo;association des Amis du Togo Jockgrim fut c\u00e9\u00e9e. Le but \u00e9tait d&rsquo;assurer la continuation des oeuvres du R.P. Krob, d&rsquo;Emil Hemmer et des \u00e9coles concern\u00e9es. Dr. Samuel Husunu fut \u00e9lu Pr\u00e9sident de la dite association. Depuis ce temps l&rsquo;association a r\u00e9alis\u00e9 \u00a0ou support\u00e9 dans diverses r\u00e9gions du Togo d&rsquo;autres projets, par exemple la construction de b\u00e2timents scolaires,approvisionnement en eau potable (puits, forages) latrines publiques, centres de formation et autres.\u00a0L&rsquo;association compte environ 130 membres et investi environ 30 000\u20ac par an pour les projets au Togo.<\/p>","protected":false},"excerpt":{"rendered":"<p>Sur la demande de l&rsquo;Archev\u00eaque de Lom\u00e9, 2 pr\u00eatres du Dioc\u00e8se de Spire, R.P. Anton Klug et R.P. G\u00fcnther Lendle furent envoy\u00e9s au Togo en 1969. Ils \u00e9taient les premiers pr\u00eatres allemands qui s&rsquo;installent au Togo apr\u00e8s la premiere guerre mondiale. Pour se pr\u00e9parer \u00e0 leur mission, ces pr\u00eatres avaient pass\u00e9 quelque temps \u00e0 Jockgrim &hellip; <a href=\"https:\/\/togoverein-jockgrim.de\/fr\/verein\/die-urspruenge-des-vereins\/\" class=\"more-link\">Continuer la lecture de <span class=\"screen-reader-text\">Les origines de notre association<\/span><\/a><\/p>\n","protected":false},"author":1,"featured_media":0,"parent":25,"menu_order":1,"comment_status":"closed","ping_status":"closed","template":"template-fullwidth.php","meta":{"footnotes":""},"class_list":["post-29","page","type-page","status-publish","hentry"],"_links":{"self":[{"href":"https:\/\/togoverein-jockgrim.de\/fr\/wp-json\/wp\/v2\/pages\/29","targetHints":{"allow":["GET"]}}],"collection":[{"href":"https:\/\/togoverein-jockgrim.de\/fr\/wp-json\/wp\/v2\/pages"}],"about":[{"href":"https:\/\/togoverein-jockgrim.de\/fr\/wp-json\/wp\/v2\/types\/page"}],"author":[{"embeddable":true,"href":"https:\/\/togoverein-jockgrim.de\/fr\/wp-json\/wp\/v2\/users\/1"}],"replies":[{"embeddable":true,"href":"https:\/\/togoverein-jockgrim.de\/fr\/wp-json\/wp\/v2\/comments?post=29"}],"version-history":[{"count":2,"href":"https:\/\/togoverein-jockgrim.de\/fr\/wp-json\/wp\/v2\/pages\/29\/revisions"}],"predecessor-version":[{"id":47,"href":"https:\/\/togoverein-jockgrim.de\/fr\/wp-json\/wp\/v2\/pages\/29\/revisions\/47"}],"up":[{"embeddable":true,"href":"https:\/\/togoverein-jockgrim.de\/fr\/wp-json\/wp\/v2\/pages\/25"}],"wp:attachment":[{"href":"https:\/\/togoverein-jockgrim.de\/fr\/wp-json\/wp\/v2\/media?parent=29"}],"curies":[{"name":"wp","href":"https:\/\/api.w.org\/{rel}","templated":true}]}}