{"id":259,"date":"2018-09-13T11:20:15","date_gmt":"2018-09-13T09:20:15","guid":{"rendered":"http:\/\/togoverein-jockgrim.de\/wordpress\/?page_id=259"},"modified":"2025-06-04T10:32:03","modified_gmt":"2025-06-04T08:32:03","slug":"multimedia","status":"publish","type":"page","link":"https:\/\/togoverein-jockgrim.de\/fr\/aktuelles-2\/multimedia\/","title":{"rendered":"Video"},"content":{"rendered":"<p>Reportage de la television togolaise \u00e0 l&rsquo;occasion de la remise des dipl\u00f4mes aux apprenants du centre de formation de Gbalave. A cette occasion chaque apprenant ayant termin\u00e9 sa formation re\u00e7oit un trousseau d&rsquo;outils pour le d\u00e9marrage\u00a0dans la vie professionnelle.<\/p>\n<p>Vous trouverez \u00e9galement un documentaire sur les oeuvres de l&rsquo;association des Amis du Togo.<\/p>\n<p><iframe loading=\"lazy\" title=\"ACTION DE TOGOFREUNDE 2014 AU TOGO\" width=\"660\" height=\"495\" src=\"https:\/\/www.youtube.com\/embed\/Mcfuhve65vE?feature=oembed\" frameborder=\"0\" allow=\"accelerometer; autoplay; clipboard-write; encrypted-media; gyroscope; picture-in-picture; web-share\" referrerpolicy=\"strict-origin-when-cross-origin\" allowfullscreen><\/iframe><\/p>\n<h2>Remise de Diplomes<\/h2>\n<p><iframe loading=\"lazy\" title=\"Dokumentar Togofreunde\" width=\"660\" height=\"371\" src=\"https:\/\/www.youtube.com\/embed\/KT8xlFDTVjA?feature=oembed\" frameborder=\"0\" allow=\"accelerometer; autoplay; clipboard-write; encrypted-media; gyroscope; picture-in-picture; web-share\" referrerpolicy=\"strict-origin-when-cross-origin\" allowfullscreen><\/iframe><\/p>\n<h2>Le CEG de Gbalave<\/h2>\n<p>Les \u00e9l\u00e8ves ont regagn\u00e9 les nouveaux b\u00e2timents du CEG le 11 Novembre 2016.<\/p>\n<p>Documentaire de la r\u00e9ception finale.<\/p>\n<p><iframe loading=\"lazy\" title=\"FINITION DES TRAVAUX DE CONSTRUCTION DU CEG GBALAVE AU TOGO\" width=\"660\" height=\"371\" src=\"https:\/\/www.youtube.com\/embed\/CehhHDycjSY?feature=oembed\" frameborder=\"0\" allow=\"accelerometer; autoplay; clipboard-write; encrypted-media; gyroscope; picture-in-picture; web-share\" referrerpolicy=\"strict-origin-when-cross-origin\" allowfullscreen><\/iframe><\/p>\n<p><\/p>","protected":false},"excerpt":{"rendered":"<p>Reportage de la television togolaise \u00e0 l&rsquo;occasion de la remise des dipl\u00f4mes aux apprenants du centre de formation de Gbalave. A cette occasion chaque apprenant ayant termin\u00e9 sa formation re\u00e7oit un trousseau d&rsquo;outils pour le d\u00e9marrage\u00a0dans la vie professionnelle. Vous trouverez \u00e9galement un documentaire sur les oeuvres de l&rsquo;association des Amis du Togo. Remise de &hellip; <a href=\"https:\/\/togoverein-jockgrim.de\/fr\/aktuelles-2\/multimedia\/\" class=\"more-link\">Continuer la lecture de <span class=\"screen-reader-text\">Video<\/span><\/a><\/p>\n","protected":false},"author":1,"featured_media":0,"parent":425,"menu_order":0,"comment_status":"closed","ping_status":"closed","template":"","meta":{"footnotes":""},"class_list":["post-259","page","type-page","status-publish","hentry"],"_links":{"self":[{"href":"https:\/\/togoverein-jockgrim.de\/fr\/wp-json\/wp\/v2\/pages\/259","targetHints":{"allow":["GET"]}}],"collection":[{"href":"https:\/\/togoverein-jockgrim.de\/fr\/wp-json\/wp\/v2\/pages"}],"about":[{"href":"https:\/\/togoverein-jockgrim.de\/fr\/wp-json\/wp\/v2\/types\/page"}],"author":[{"embeddable":true,"href":"https:\/\/togoverein-jockgrim.de\/fr\/wp-json\/wp\/v2\/users\/1"}],"replies":[{"embeddable":true,"href":"https:\/\/togoverein-jockgrim.de\/fr\/wp-json\/wp\/v2\/comments?post=259"}],"version-history":[{"count":6,"href":"https:\/\/togoverein-jockgrim.de\/fr\/wp-json\/wp\/v2\/pages\/259\/revisions"}],"predecessor-version":[{"id":688,"href":"https:\/\/togoverein-jockgrim.de\/fr\/wp-json\/wp\/v2\/pages\/259\/revisions\/688"}],"up":[{"embeddable":true,"href":"https:\/\/togoverein-jockgrim.de\/fr\/wp-json\/wp\/v2\/pages\/425"}],"wp:attachment":[{"href":"https:\/\/togoverein-jockgrim.de\/fr\/wp-json\/wp\/v2\/media?parent=259"}],"curies":[{"name":"wp","href":"https:\/\/api.w.org\/{rel}","templated":true}]}}