{"id":25,"date":"2018-09-12T10:57:15","date_gmt":"2018-09-12T08:57:15","guid":{"rendered":"http:\/\/togoverein-jockgrim.de\/wordpress\/?page_id=25"},"modified":"2018-09-14T09:21:03","modified_gmt":"2018-09-14T07:21:03","slug":"verein","status":"publish","type":"page","link":"https:\/\/togoverein-jockgrim.de\/fr\/verein\/","title":{"rendered":"Notre Association est&#8230;"},"content":{"rendered":"<p><strong>ind\u00e9pendante<\/strong><\/p>\n<p style=\"padding-left: 30px;\"><em>ind\u00e9pendance politique et confessionnelle<\/em><\/p>\n<p><strong>b\u00e9n\u00e9vole<\/strong><\/p>\n<p style=\"padding-left: 30px;\"><em>tous les membres travaillent b\u00e9n\u00e9volement<\/em><\/p>\n<p><strong>100 pour 100<\/strong><\/p>\n<p style=\"padding-left: 30px;\"><em>tout argent et toute donation sont investis exclusivement \u00a0dans nos projets sans aucune d\u00e9duction<\/em><\/p>\n<p><strong>digne de confiance<\/strong><\/p>\n<p style=\"padding-left: 30px;\"><em>des personnes de confiance font le suivi de nos projets au Togo<\/em><\/p>\n<p><strong>partenariale<\/strong><\/p>\n<p style=\"padding-left: 30px;\"><em>tous les membres et les amis au Togo peuvent apporter leurs id\u00e9es et leurs activit\u00e9s au service de l&rsquo;Association<\/em><\/p>\n<p><strong>assujettie \u00e0 moins d&rsquo;impots<\/strong><\/p>\n<p style=\"padding-left: 30px;\"><em>l&rsquo;Association est reconnue d&rsquo;utilit\u00e9 publique: les dons peuvent \u00eatre d\u00e9duits des imp\u00f4ts<\/em><\/p>\n<p><\/p>","protected":false},"excerpt":{"rendered":"<p>ind\u00e9pendante ind\u00e9pendance politique et confessionnelle b\u00e9n\u00e9vole tous les membres travaillent b\u00e9n\u00e9volement 100 pour 100 tout argent et toute donation sont investis exclusivement \u00a0dans nos projets sans aucune d\u00e9duction digne de confiance des personnes de confiance font le suivi de nos projets au Togo partenariale tous les membres et les amis au Togo peuvent apporter leurs &hellip; <a href=\"https:\/\/togoverein-jockgrim.de\/fr\/verein\/\" class=\"more-link\">Continuer la lecture de <span class=\"screen-reader-text\">Notre Association est&#8230;<\/span><\/a><\/p>\n","protected":false},"author":1,"featured_media":0,"parent":0,"menu_order":4,"comment_status":"closed","ping_status":"closed","template":"","meta":{"footnotes":""},"class_list":["post-25","page","type-page","status-publish","hentry"],"_links":{"self":[{"href":"https:\/\/togoverein-jockgrim.de\/fr\/wp-json\/wp\/v2\/pages\/25","targetHints":{"allow":["GET"]}}],"collection":[{"href":"https:\/\/togoverein-jockgrim.de\/fr\/wp-json\/wp\/v2\/pages"}],"about":[{"href":"https:\/\/togoverein-jockgrim.de\/fr\/wp-json\/wp\/v2\/types\/page"}],"author":[{"embeddable":true,"href":"https:\/\/togoverein-jockgrim.de\/fr\/wp-json\/wp\/v2\/users\/1"}],"replies":[{"embeddable":true,"href":"https:\/\/togoverein-jockgrim.de\/fr\/wp-json\/wp\/v2\/comments?post=25"}],"version-history":[{"count":6,"href":"https:\/\/togoverein-jockgrim.de\/fr\/wp-json\/wp\/v2\/pages\/25\/revisions"}],"predecessor-version":[{"id":269,"href":"https:\/\/togoverein-jockgrim.de\/fr\/wp-json\/wp\/v2\/pages\/25\/revisions\/269"}],"wp:attachment":[{"href":"https:\/\/togoverein-jockgrim.de\/fr\/wp-json\/wp\/v2\/media?parent=25"}],"curies":[{"name":"wp","href":"https:\/\/api.w.org\/{rel}","templated":true}]}}