{"id":2,"date":"2018-09-12T09:35:12","date_gmt":"2018-09-12T07:35:12","guid":{"rendered":"http:\/\/togoverein-jockgrim.de\/wordpress\/?page_id=2"},"modified":"2022-11-16T08:55:40","modified_gmt":"2022-11-16T07:55:40","slug":"home","status":"publish","type":"page","link":"https:\/\/togoverein-jockgrim.de\/fr\/","title":{"rendered":"Soyez les bienvenus"},"content":{"rendered":"<p><\/p>\n<div class=\"ce_text block\">\n<p><img loading=\"lazy\" decoding=\"async\" class=\"alignnone wp-image-18 size-full\" src=\"http:\/\/togoverein-jockgrim.de\/wordpress\/wp-content\/uploads\/2018\/09\/Main.jpg\" alt=\"\" width=\"800\" height=\"600\" srcset=\"https:\/\/togoverein-jockgrim.de\/wp-content\/uploads\/2018\/09\/Main.jpg 800w, https:\/\/togoverein-jockgrim.de\/wp-content\/uploads\/2018\/09\/Main-300x225.jpg 300w, https:\/\/togoverein-jockgrim.de\/wp-content\/uploads\/2018\/09\/Main-768x576.jpg 768w, https:\/\/togoverein-jockgrim.de\/wp-content\/uploads\/2018\/09\/Main-440x330.jpg 440w\" sizes=\"auto, (max-width: 800px) 100vw, 800px\" \/><\/p>\n<p>sur le\u00a0site internet de l&rsquo;Association des Amis du Togo, Jockgrim,<\/p>\n<\/div>\n<p>une\u00a0<strong>O<\/strong>rganisation \u00a0<strong>N<\/strong>on-<strong>G<\/strong>ouvernementale reconnue d&rsquo;utilit\u00e9 publique.<\/p>\n<p>L&rsquo;Association a \u00e9t\u00e9 cr\u00e9\u00e9e le 13.04.1996 et est enregistr\u00e9e sous le num\u00e9ro<\/p>\n<p>VR 2172 du registre des Associations aupr\u00e8s du Tribunal d&rsquo;instance de Landau\/Pfalz.<\/p>\n<p style=\"text-align: center;\"><a href=\"http:\/\/togoverein-jockgrim.de\/aktuelles\/\">+++ Actuel +++<\/a><\/p>","protected":false},"excerpt":{"rendered":"<p>sur le\u00a0site internet de l&rsquo;Association des Amis du Togo, Jockgrim, une\u00a0Organisation \u00a0Non-Gouvernementale reconnue d&rsquo;utilit\u00e9 publique. L&rsquo;Association a \u00e9t\u00e9 cr\u00e9\u00e9e le 13.04.1996 et est enregistr\u00e9e sous le num\u00e9ro VR 2172 du registre des Associations aupr\u00e8s du Tribunal d&rsquo;instance de Landau\/Pfalz. +++ Actuel +++<\/p>\n","protected":false},"author":1,"featured_media":0,"parent":0,"menu_order":1,"comment_status":"closed","ping_status":"closed","template":"","meta":{"footnotes":""},"class_list":["post-2","page","type-page","status-publish","hentry"],"_links":{"self":[{"href":"https:\/\/togoverein-jockgrim.de\/fr\/wp-json\/wp\/v2\/pages\/2","targetHints":{"allow":["GET"]}}],"collection":[{"href":"https:\/\/togoverein-jockgrim.de\/fr\/wp-json\/wp\/v2\/pages"}],"about":[{"href":"https:\/\/togoverein-jockgrim.de\/fr\/wp-json\/wp\/v2\/types\/page"}],"author":[{"embeddable":true,"href":"https:\/\/togoverein-jockgrim.de\/fr\/wp-json\/wp\/v2\/users\/1"}],"replies":[{"embeddable":true,"href":"https:\/\/togoverein-jockgrim.de\/fr\/wp-json\/wp\/v2\/comments?post=2"}],"version-history":[{"count":11,"href":"https:\/\/togoverein-jockgrim.de\/fr\/wp-json\/wp\/v2\/pages\/2\/revisions"}],"predecessor-version":[{"id":422,"href":"https:\/\/togoverein-jockgrim.de\/fr\/wp-json\/wp\/v2\/pages\/2\/revisions\/422"}],"wp:attachment":[{"href":"https:\/\/togoverein-jockgrim.de\/fr\/wp-json\/wp\/v2\/media?parent=2"}],"curies":[{"name":"wp","href":"https:\/\/api.w.org\/{rel}","templated":true}]}}