{"id":107,"date":"2018-09-12T15:38:15","date_gmt":"2018-09-12T13:38:15","guid":{"rendered":"http:\/\/togoverein-jockgrim.de\/wordpress\/?page_id=107"},"modified":"2025-12-17T16:55:51","modified_gmt":"2025-12-17T15:55:51","slug":"aktuelles","status":"publish","type":"page","link":"https:\/\/togoverein-jockgrim.de\/fr\/aktuelles-2\/aktuelles\/","title":{"rendered":"Affiliation"},"content":{"rendered":"<p>Affiliation<\/p>\n<p><img loading=\"lazy\" decoding=\"async\" class=\"alignnone wp-image-254\" src=\"http:\/\/togoverein-jockgrim.de\/wordpress\/wp-content\/uploads\/2018\/09\/PDF-Logo-150x150.png\" alt=\"\" width=\"30\" height=\"30\" srcset=\"https:\/\/togoverein-jockgrim.de\/wp-content\/uploads\/2018\/09\/PDF-Logo-150x150.png 150w, https:\/\/togoverein-jockgrim.de\/wp-content\/uploads\/2018\/09\/PDF-Logo.png 300w\" sizes=\"auto, (max-width: 30px) 100vw, 30px\" \/><a href=\"http:\/\/togoverein-jockgrim.de\/wp-content\/uploads\/2025\/12\/2025-12-Rundbrief.pdf\" target=\"_blank\" rel=\"noopener noreferrer\">Affiliation 12\/2025<\/a><\/p>\n<p><img loading=\"lazy\" decoding=\"async\" class=\"alignnone wp-image-254\" src=\"http:\/\/togoverein-jockgrim.de\/wordpress\/wp-content\/uploads\/2018\/09\/PDF-Logo-150x150.png\" alt=\"\" width=\"30\" height=\"30\" srcset=\"https:\/\/togoverein-jockgrim.de\/wp-content\/uploads\/2018\/09\/PDF-Logo-150x150.png 150w, https:\/\/togoverein-jockgrim.de\/wp-content\/uploads\/2018\/09\/PDF-Logo.png 300w\" sizes=\"auto, (max-width: 30px) 100vw, 30px\" \/><a href=\"http:\/\/togoverein-jockgrim.de\/wp-content\/uploads\/2025\/06\/2025-06-Rundbrief.pdf\" target=\"_blank\" rel=\"noopener noreferrer\">Affiliation 06\/2025<\/a><\/p>\n<p><img loading=\"lazy\" decoding=\"async\" class=\"alignnone wp-image-254\" src=\"http:\/\/togoverein-jockgrim.de\/wordpress\/wp-content\/uploads\/2018\/09\/PDF-Logo-150x150.png\" alt=\"\" width=\"30\" height=\"30\" srcset=\"https:\/\/togoverein-jockgrim.de\/wp-content\/uploads\/2018\/09\/PDF-Logo-150x150.png 150w, https:\/\/togoverein-jockgrim.de\/wp-content\/uploads\/2018\/09\/PDF-Logo.png 300w\" sizes=\"auto, (max-width: 30px) 100vw, 30px\" \/><a href=\"http:\/\/togoverein-jockgrim.de\/wp-content\/uploads\/2024\/12\/2024-12-Rundbrief.pdf\" target=\"_blank\" rel=\"noopener noreferrer\">Affiliation 12\/2024<\/a><\/p>\n<p><img loading=\"lazy\" decoding=\"async\" class=\"alignnone wp-image-254\" src=\"http:\/\/togoverein-jockgrim.de\/wordpress\/wp-content\/uploads\/2018\/09\/PDF-Logo-150x150.png\" alt=\"\" width=\"30\" height=\"30\" srcset=\"https:\/\/togoverein-jockgrim.de\/wp-content\/uploads\/2018\/09\/PDF-Logo-150x150.png 150w, https:\/\/togoverein-jockgrim.de\/wp-content\/uploads\/2018\/09\/PDF-Logo.png 300w\" sizes=\"auto, (max-width: 30px) 100vw, 30px\" \/>\u00a0<a href=\"http:\/\/togoverein-jockgrim.de\/wp-content\/uploads\/2024\/10\/2024-10-Rundbrief.pdf\" target=\"_blank\" rel=\"noopener noreferrer\">Affiliation 10\/2024<\/a><\/p>\n<p><img loading=\"lazy\" decoding=\"async\" class=\"alignnone wp-image-254\" src=\"http:\/\/togoverein-jockgrim.de\/wordpress\/wp-content\/uploads\/2018\/09\/PDF-Logo-150x150.png\" alt=\"\" width=\"30\" height=\"30\" srcset=\"https:\/\/togoverein-jockgrim.de\/wp-content\/uploads\/2018\/09\/PDF-Logo-150x150.png 150w, https:\/\/togoverein-jockgrim.de\/wp-content\/uploads\/2018\/09\/PDF-Logo.png 300w\" sizes=\"auto, (max-width: 30px) 100vw, 30px\" \/>\u00a0<a href=\"http:\/\/togoverein-jockgrim.de\/wp-content\/uploads\/2024\/04\/2024-01-Rundbrief.pdf\" target=\"_blank\" rel=\"noopener noreferrer\">Affiliation 01\/2024<\/a><\/p>\n<p><img loading=\"lazy\" decoding=\"async\" class=\"alignnone wp-image-254\" src=\"http:\/\/togoverein-jockgrim.de\/wordpress\/wp-content\/uploads\/2018\/09\/PDF-Logo-150x150.png\" alt=\"\" width=\"30\" height=\"30\" srcset=\"https:\/\/togoverein-jockgrim.de\/wp-content\/uploads\/2018\/09\/PDF-Logo-150x150.png 150w, https:\/\/togoverein-jockgrim.de\/wp-content\/uploads\/2018\/09\/PDF-Logo.png 300w\" sizes=\"auto, (max-width: 30px) 100vw, 30px\" \/>\u00a0<a href=\"http:\/\/togoverein-jockgrim.de\/wp-content\/uploads\/2023\/12\/2023-12-Rundbrief.pdf\" target=\"_blank\" rel=\"noopener noreferrer\">Affiliation 12\/2023<\/a><\/p>\n<p><img loading=\"lazy\" decoding=\"async\" class=\"alignnone wp-image-254\" src=\"http:\/\/togoverein-jockgrim.de\/wordpress\/wp-content\/uploads\/2018\/09\/PDF-Logo-150x150.png\" alt=\"\" width=\"30\" height=\"30\" srcset=\"https:\/\/togoverein-jockgrim.de\/wp-content\/uploads\/2018\/09\/PDF-Logo-150x150.png 150w, https:\/\/togoverein-jockgrim.de\/wp-content\/uploads\/2018\/09\/PDF-Logo.png 300w\" sizes=\"auto, (max-width: 30px) 100vw, 30px\" \/>\u00a0<a href=\"http:\/\/togoverein-jockgrim.de\/wp-content\/uploads\/2023\/10\/2023-10-Rundbrief.pdf\" target=\"_blank\" rel=\"noopener noreferrer\">Affiliation 10\/2023<\/a><\/p>\n<p><img loading=\"lazy\" decoding=\"async\" class=\"alignnone wp-image-254\" src=\"http:\/\/togoverein-jockgrim.de\/wordpress\/wp-content\/uploads\/2018\/09\/PDF-Logo-150x150.png\" alt=\"\" width=\"30\" height=\"30\" srcset=\"https:\/\/togoverein-jockgrim.de\/wp-content\/uploads\/2018\/09\/PDF-Logo-150x150.png 150w, https:\/\/togoverein-jockgrim.de\/wp-content\/uploads\/2018\/09\/PDF-Logo.png 300w\" sizes=\"auto, (max-width: 30px) 100vw, 30px\" \/>\u00a0<a href=\"http:\/\/togoverein-jockgrim.de\/wp-content\/uploads\/2023\/06\/2023-06-Rundbrief.pdf\" target=\"_blank\" rel=\"noopener noreferrer\">Affiliation 06\/2023<\/a><\/p>\n<p><img loading=\"lazy\" decoding=\"async\" class=\"alignnone wp-image-254\" src=\"http:\/\/togoverein-jockgrim.de\/wordpress\/wp-content\/uploads\/2018\/09\/PDF-Logo-150x150.png\" alt=\"\" width=\"30\" height=\"30\" srcset=\"https:\/\/togoverein-jockgrim.de\/wp-content\/uploads\/2018\/09\/PDF-Logo-150x150.png 150w, https:\/\/togoverein-jockgrim.de\/wp-content\/uploads\/2018\/09\/PDF-Logo.png 300w\" sizes=\"auto, (max-width: 30px) 100vw, 30px\" \/>\u00a0<a href=\"http:\/\/togoverein-jockgrim.de\/wp-content\/uploads\/2022\/12\/2022-12-Rundbrief.pdf\" target=\"_blank\" rel=\"noopener noreferrer\">Affiliation 12\/2022<\/a><\/p>\n<p><img loading=\"lazy\" decoding=\"async\" class=\"alignnone wp-image-254\" src=\"http:\/\/togoverein-jockgrim.de\/wordpress\/wp-content\/uploads\/2018\/09\/PDF-Logo-150x150.png\" alt=\"\" width=\"30\" height=\"30\" srcset=\"https:\/\/togoverein-jockgrim.de\/wp-content\/uploads\/2018\/09\/PDF-Logo-150x150.png 150w, https:\/\/togoverein-jockgrim.de\/wp-content\/uploads\/2018\/09\/PDF-Logo.png 300w\" sizes=\"auto, (max-width: 30px) 100vw, 30px\" \/>\u00a0<a href=\"http:\/\/togoverein-jockgrim.de\/wp-content\/uploads\/2022\/11\/2022-11-Amtsblatt.pdf\" target=\"_blank\" rel=\"noopener noreferrer\">Voyage au Togo &#8211; Amtsblatt VG Jockgrim<\/a><\/p>\n<p><img loading=\"lazy\" decoding=\"async\" class=\"alignnone wp-image-254\" src=\"http:\/\/togoverein-jockgrim.de\/wordpress\/wp-content\/uploads\/2018\/09\/PDF-Logo-150x150.png\" alt=\"\" width=\"30\" height=\"30\" srcset=\"https:\/\/togoverein-jockgrim.de\/wp-content\/uploads\/2018\/09\/PDF-Logo-150x150.png 150w, https:\/\/togoverein-jockgrim.de\/wp-content\/uploads\/2018\/09\/PDF-Logo.png 300w\" sizes=\"auto, (max-width: 30px) 100vw, 30px\" \/>\u00a0<a href=\"http:\/\/togoverein-jockgrim.de\/wp-content\/uploads\/2022\/07\/2022-07-Rundbrief.pdf\" target=\"_blank\" rel=\"noopener noreferrer\">Affiliation 07\/2022<\/a><\/p>\n<p><img loading=\"lazy\" decoding=\"async\" class=\"alignnone wp-image-254\" src=\"http:\/\/togoverein-jockgrim.de\/wordpress\/wp-content\/uploads\/2018\/09\/PDF-Logo-150x150.png\" alt=\"\" width=\"30\" height=\"30\" srcset=\"https:\/\/togoverein-jockgrim.de\/wp-content\/uploads\/2018\/09\/PDF-Logo-150x150.png 150w, https:\/\/togoverein-jockgrim.de\/wp-content\/uploads\/2018\/09\/PDF-Logo.png 300w\" sizes=\"auto, (max-width: 30px) 100vw, 30px\" \/>\u00a0<a href=\"http:\/\/togoverein-jockgrim.de\/wp-content\/uploads\/2022\/04\/2022-04-Rundbrief.pdf\" target=\"_blank\" rel=\"noopener noreferrer\">Affiliation 04\/2022<\/a><\/p>\n<p><img loading=\"lazy\" decoding=\"async\" class=\"alignnone wp-image-254\" src=\"http:\/\/togoverein-jockgrim.de\/wordpress\/wp-content\/uploads\/2018\/09\/PDF-Logo-150x150.png\" alt=\"\" width=\"30\" height=\"30\" srcset=\"https:\/\/togoverein-jockgrim.de\/wp-content\/uploads\/2018\/09\/PDF-Logo-150x150.png 150w, https:\/\/togoverein-jockgrim.de\/wp-content\/uploads\/2018\/09\/PDF-Logo.png 300w\" sizes=\"auto, (max-width: 30px) 100vw, 30px\" \/>\u00a0<a href=\"http:\/\/togoverein-jockgrim.de\/wp-content\/uploads\/2022\/01\/2021-12-Rundbrief.pdf\" target=\"_blank\" rel=\"noopener noreferrer\">Affiliation 12\/2021<\/a><\/p>\n<p><img loading=\"lazy\" decoding=\"async\" class=\"alignnone wp-image-254\" src=\"http:\/\/togoverein-jockgrim.de\/wordpress\/wp-content\/uploads\/2018\/09\/PDF-Logo-150x150.png\" alt=\"\" width=\"30\" height=\"30\" srcset=\"https:\/\/togoverein-jockgrim.de\/wp-content\/uploads\/2018\/09\/PDF-Logo-150x150.png 150w, https:\/\/togoverein-jockgrim.de\/wp-content\/uploads\/2018\/09\/PDF-Logo.png 300w\" sizes=\"auto, (max-width: 30px) 100vw, 30px\" \/>\u00a0<a href=\"http:\/\/togoverein-jockgrim.de\/wp-content\/uploads\/2019\/10\/Rundbrief-2021-04.pdf\" target=\"_blank\" rel=\"noopener noreferrer\">Affiliation 04\/2021<\/a><\/p>\n<p><img loading=\"lazy\" decoding=\"async\" class=\"alignnone wp-image-254\" src=\"http:\/\/togoverein-jockgrim.de\/wordpress\/wp-content\/uploads\/2018\/09\/PDF-Logo-150x150.png\" alt=\"\" width=\"30\" height=\"30\" srcset=\"https:\/\/togoverein-jockgrim.de\/wp-content\/uploads\/2018\/09\/PDF-Logo-150x150.png 150w, https:\/\/togoverein-jockgrim.de\/wp-content\/uploads\/2018\/09\/PDF-Logo.png 300w\" sizes=\"auto, (max-width: 30px) 100vw, 30px\" \/>\u00a0<a href=\"http:\/\/togoverein-jockgrim.de\/wp-content\/uploads\/2019\/10\/Rundbrief-2020-12.pdf\" target=\"_blank\" rel=\"noopener noreferrer\">Affiliation 12\/2020<\/a><\/p>\n<p><img loading=\"lazy\" decoding=\"async\" class=\"alignnone wp-image-254\" src=\"http:\/\/togoverein-jockgrim.de\/wordpress\/wp-content\/uploads\/2018\/09\/PDF-Logo-150x150.png\" alt=\"\" width=\"30\" height=\"30\" srcset=\"https:\/\/togoverein-jockgrim.de\/wp-content\/uploads\/2018\/09\/PDF-Logo-150x150.png 150w, https:\/\/togoverein-jockgrim.de\/wp-content\/uploads\/2018\/09\/PDF-Logo.png 300w\" sizes=\"auto, (max-width: 30px) 100vw, 30px\" \/>\u00a0<a href=\"http:\/\/togoverein-jockgrim.de\/wp-content\/uploads\/2019\/10\/Rundbrief-2020-10.pdf\" target=\"_blank\" rel=\"noopener noreferrer\">Affiliation 10\/2020<\/a><\/p>\n<p><img loading=\"lazy\" decoding=\"async\" class=\"alignnone wp-image-254\" src=\"http:\/\/togoverein-jockgrim.de\/wordpress\/wp-content\/uploads\/2018\/09\/PDF-Logo-150x150.png\" alt=\"\" width=\"30\" height=\"30\" srcset=\"https:\/\/togoverein-jockgrim.de\/wp-content\/uploads\/2018\/09\/PDF-Logo-150x150.png 150w, https:\/\/togoverein-jockgrim.de\/wp-content\/uploads\/2018\/09\/PDF-Logo.png 300w\" sizes=\"auto, (max-width: 30px) 100vw, 30px\" \/>\u00a0<a href=\"http:\/\/togoverein-jockgrim.de\/wp-content\/uploads\/2019\/10\/2020-06-Siegbert-Kemmer.pdf\" target=\"_blank\" rel=\"noopener noreferrer\">D\u00e9c\u00e8s de Siegbert Kemmer<\/a><\/p>\n<p><img loading=\"lazy\" decoding=\"async\" class=\"alignnone wp-image-254\" src=\"http:\/\/togoverein-jockgrim.de\/wordpress\/wp-content\/uploads\/2018\/09\/PDF-Logo-150x150.png\" alt=\"\" width=\"30\" height=\"30\" srcset=\"https:\/\/togoverein-jockgrim.de\/wp-content\/uploads\/2018\/09\/PDF-Logo-150x150.png 150w, https:\/\/togoverein-jockgrim.de\/wp-content\/uploads\/2018\/09\/PDF-Logo.png 300w\" sizes=\"auto, (max-width: 30px) 100vw, 30px\" \/>\u00a0<a href=\"http:\/\/togoverein-jockgrim.de\/wp-content\/uploads\/2019\/10\/Rundbrief-2020-05.pdf\" target=\"_blank\" rel=\"noopener noreferrer\">Affiliation 05\/2020<\/a><\/p>\n<p><img loading=\"lazy\" decoding=\"async\" class=\"alignnone wp-image-254\" src=\"http:\/\/togoverein-jockgrim.de\/wordpress\/wp-content\/uploads\/2018\/09\/PDF-Logo-150x150.png\" alt=\"\" width=\"30\" height=\"30\" srcset=\"https:\/\/togoverein-jockgrim.de\/wp-content\/uploads\/2018\/09\/PDF-Logo-150x150.png 150w, https:\/\/togoverein-jockgrim.de\/wp-content\/uploads\/2018\/09\/PDF-Logo.png 300w\" sizes=\"auto, (max-width: 30px) 100vw, 30px\" \/>\u00a0<a href=\"http:\/\/togoverein-jockgrim.de\/wp-content\/uploads\/2018\/12\/Rundbrief-2018-01.pdf\" target=\"_blank\" rel=\"noopener noreferrer\">Affiliation 01\/2018<\/a><\/p>\n<p><img loading=\"lazy\" decoding=\"async\" class=\"alignnone wp-image-254\" src=\"http:\/\/togoverein-jockgrim.de\/wordpress\/wp-content\/uploads\/2018\/09\/PDF-Logo-150x150.png\" alt=\"\" width=\"30\" height=\"30\" srcset=\"https:\/\/togoverein-jockgrim.de\/wp-content\/uploads\/2018\/09\/PDF-Logo-150x150.png 150w, https:\/\/togoverein-jockgrim.de\/wp-content\/uploads\/2018\/09\/PDF-Logo.png 300w\" sizes=\"auto, (max-width: 30px) 100vw, 30px\" \/>\u00a0<a href=\"http:\/\/togoverein-jockgrim.de\/wp-content\/uploads\/2018\/12\/2018-11-Bundesverdienstkreuz.pdf\" target=\"_blank\" rel=\"noopener noreferrer\">Croix F\u00e9d\u00e9rale du M\u00e9rite 11\/2018<\/a><\/p>\n<p><img loading=\"lazy\" decoding=\"async\" class=\"alignnone wp-image-254\" src=\"http:\/\/togoverein-jockgrim.de\/wordpress\/wp-content\/uploads\/2018\/09\/PDF-Logo-150x150.png\" alt=\"\" width=\"30\" height=\"30\" srcset=\"https:\/\/togoverein-jockgrim.de\/wp-content\/uploads\/2018\/09\/PDF-Logo-150x150.png 150w, https:\/\/togoverein-jockgrim.de\/wp-content\/uploads\/2018\/09\/PDF-Logo.png 300w\" sizes=\"auto, (max-width: 30px) 100vw, 30px\" \/>\u00a0<a href=\"http:\/\/togoverein-jockgrim.de\/wp-content\/uploads\/2018\/09\/Rundbrief-2017-02.pdf\" target=\"_blank\" rel=\"noopener noreferrer\">Affiliation 02\/2017<\/a><\/p>\n<p><img loading=\"lazy\" decoding=\"async\" class=\"alignnone wp-image-254\" src=\"http:\/\/togoverein-jockgrim.de\/wordpress\/wp-content\/uploads\/2018\/09\/PDF-Logo-150x150.png\" alt=\"\" width=\"30\" height=\"30\" srcset=\"https:\/\/togoverein-jockgrim.de\/wp-content\/uploads\/2018\/09\/PDF-Logo-150x150.png 150w, https:\/\/togoverein-jockgrim.de\/wp-content\/uploads\/2018\/09\/PDF-Logo.png 300w\" sizes=\"auto, (max-width: 30px) 100vw, 30px\" \/>\u00a0<a href=\"http:\/\/togoverein-jockgrim.de\/wp-content\/uploads\/2018\/09\/Rundbrief-2017-01.pdf\" target=\"_blank\" rel=\"noopener noreferrer\">Affiliation 01\/2017<\/a><\/p>\n<p><img loading=\"lazy\" decoding=\"async\" class=\"alignnone wp-image-254\" src=\"http:\/\/togoverein-jockgrim.de\/wordpress\/wp-content\/uploads\/2018\/09\/PDF-Logo-150x150.png\" alt=\"\" width=\"30\" height=\"30\" srcset=\"https:\/\/togoverein-jockgrim.de\/wp-content\/uploads\/2018\/09\/PDF-Logo-150x150.png 150w, https:\/\/togoverein-jockgrim.de\/wp-content\/uploads\/2018\/09\/PDF-Logo.png 300w\" sizes=\"auto, (max-width: 30px) 100vw, 30px\" \/>\u00a0<a href=\"http:\/\/togoverein-jockgrim.de\/wp-content\/uploads\/2018\/09\/Rundbrief-2016-02.pdf\" target=\"_blank\" rel=\"noopener noreferrer\">Affiliation 02\/2016<\/a><\/p>\n<p><img loading=\"lazy\" decoding=\"async\" class=\"alignnone wp-image-254\" src=\"http:\/\/togoverein-jockgrim.de\/wordpress\/wp-content\/uploads\/2018\/09\/PDF-Logo-150x150.png\" alt=\"\" width=\"30\" height=\"30\" srcset=\"https:\/\/togoverein-jockgrim.de\/wp-content\/uploads\/2018\/09\/PDF-Logo-150x150.png 150w, https:\/\/togoverein-jockgrim.de\/wp-content\/uploads\/2018\/09\/PDF-Logo.png 300w\" sizes=\"auto, (max-width: 30px) 100vw, 30px\" \/>\u00a0<a href=\"http:\/\/togoverein-jockgrim.de\/wp-content\/uploads\/2018\/09\/Rundbrief-2016-01.pdf\" target=\"_blank\" rel=\"noopener noreferrer\">Affiliation 01\/2016<\/a><\/p>\n<p><img loading=\"lazy\" decoding=\"async\" class=\"alignnone wp-image-254\" src=\"http:\/\/togoverein-jockgrim.de\/wordpress\/wp-content\/uploads\/2018\/09\/PDF-Logo-150x150.png\" alt=\"\" width=\"30\" height=\"30\" srcset=\"https:\/\/togoverein-jockgrim.de\/wp-content\/uploads\/2018\/09\/PDF-Logo-150x150.png 150w, https:\/\/togoverein-jockgrim.de\/wp-content\/uploads\/2018\/09\/PDF-Logo.png 300w\" sizes=\"auto, (max-width: 30px) 100vw, 30px\" \/> <a href=\"http:\/\/togoverein-jockgrim.de\/wp-content\/uploads\/2018\/09\/Nachruf-Emil-Hemmer.pdf\" target=\"_blank\" rel=\"noopener noreferrer\">Nachruf Emil Hemmer<\/a><\/p>\n<p><img loading=\"lazy\" decoding=\"async\" class=\"alignnone wp-image-254\" src=\"http:\/\/togoverein-jockgrim.de\/wordpress\/wp-content\/uploads\/2018\/09\/PDF-Logo-150x150.png\" alt=\"\" width=\"30\" height=\"30\" srcset=\"https:\/\/togoverein-jockgrim.de\/wp-content\/uploads\/2018\/09\/PDF-Logo-150x150.png 150w, https:\/\/togoverein-jockgrim.de\/wp-content\/uploads\/2018\/09\/PDF-Logo.png 300w\" sizes=\"auto, (max-width: 30px) 100vw, 30px\" \/>\u00a0<a href=\"http:\/\/togoverein-jockgrim.de\/wp-content\/uploads\/2018\/09\/Rundbrief-2015-02.pdf\" target=\"_blank\" rel=\"noopener noreferrer\">Affiliation 02\/2015<\/a><\/p>","protected":false},"excerpt":{"rendered":"<p>Affiliation Affiliation 12\/2025 Affiliation 06\/2025 Affiliation 12\/2024 \u00a0Affiliation 10\/2024 \u00a0Affiliation 01\/2024 \u00a0Affiliation 12\/2023 \u00a0Affiliation 10\/2023 \u00a0Affiliation 06\/2023 \u00a0Affiliation 12\/2022 \u00a0Voyage au Togo &#8211; Amtsblatt VG Jockgrim \u00a0Affiliation 07\/2022 \u00a0Affiliation 04\/2022 \u00a0Affiliation 12\/2021 \u00a0Affiliation 04\/2021 \u00a0Affiliation 12\/2020 \u00a0Affiliation 10\/2020 \u00a0D\u00e9c\u00e8s de Siegbert Kemmer \u00a0Affiliation 05\/2020 \u00a0Affiliation 01\/2018 \u00a0Croix F\u00e9d\u00e9rale du M\u00e9rite 11\/2018 \u00a0Affiliation 02\/2017 \u00a0Affiliation 01\/2017 &hellip; <a href=\"https:\/\/togoverein-jockgrim.de\/fr\/aktuelles-2\/aktuelles\/\" class=\"more-link\">Continuer la lecture de <span class=\"screen-reader-text\">Affiliation<\/span><\/a><\/p>\n","protected":false},"author":1,"featured_media":0,"parent":425,"menu_order":2,"comment_status":"closed","ping_status":"closed","template":"","meta":{"footnotes":""},"class_list":["post-107","page","type-page","status-publish","hentry"],"_links":{"self":[{"href":"https:\/\/togoverein-jockgrim.de\/fr\/wp-json\/wp\/v2\/pages\/107","targetHints":{"allow":["GET"]}}],"collection":[{"href":"https:\/\/togoverein-jockgrim.de\/fr\/wp-json\/wp\/v2\/pages"}],"about":[{"href":"https:\/\/togoverein-jockgrim.de\/fr\/wp-json\/wp\/v2\/types\/page"}],"author":[{"embeddable":true,"href":"https:\/\/togoverein-jockgrim.de\/fr\/wp-json\/wp\/v2\/users\/1"}],"replies":[{"embeddable":true,"href":"https:\/\/togoverein-jockgrim.de\/fr\/wp-json\/wp\/v2\/comments?post=107"}],"version-history":[{"count":116,"href":"https:\/\/togoverein-jockgrim.de\/fr\/wp-json\/wp\/v2\/pages\/107\/revisions"}],"predecessor-version":[{"id":781,"href":"https:\/\/togoverein-jockgrim.de\/fr\/wp-json\/wp\/v2\/pages\/107\/revisions\/781"}],"up":[{"embeddable":true,"href":"https:\/\/togoverein-jockgrim.de\/fr\/wp-json\/wp\/v2\/pages\/425"}],"wp:attachment":[{"href":"https:\/\/togoverein-jockgrim.de\/fr\/wp-json\/wp\/v2\/media?parent=107"}],"curies":[{"name":"wp","href":"https:\/\/api.w.org\/{rel}","templated":true}]}}